{"id":5216,"date":"2025-03-24T20:53:05","date_gmt":"2025-03-24T19:53:05","guid":{"rendered":"https:\/\/www.cenort.rs\/?page_id=5216"},"modified":"2025-03-31T22:19:35","modified_gmt":"2025-03-31T20:19:35","slug":"savetodavni-odbor","status":"publish","type":"page","link":"https:\/\/www.cenort.rs\/en\/savetodavni-odbor\/","title":{"rendered":"ADVISORY  BOARD"},"content":{"rendered":"<div data-elementor-type=\"wp-page\" data-elementor-id=\"5216\" class=\"elementor elementor-5216\">\n\t\t\t\t<div class=\"elementor-element elementor-element-089a0b3 e-flex e-con-boxed e-con e-parent\" data-id=\"089a0b3\" data-element_type=\"container\" data-settings=\"{&quot;background_background&quot;:&quot;classic&quot;,&quot;content_width&quot;:&quot;boxed&quot;}\" data-core-v316-plus=\"true\">\n\t\t\t\t\t<div class=\"e-con-inner\">\n\t\t<div class=\"elementor-element elementor-element-af5a866 e-con-full e-flex e-con e-child\" data-id=\"af5a866\" data-element_type=\"container\" data-settings=\"{&quot;content_width&quot;:&quot;full&quot;}\">\n\t\t\t\t<div class=\"elementor-element elementor-element-c07fc6c elementor-invisible elementor-widget elementor-widget-heading\" data-id=\"c07fc6c\" data-element_type=\"widget\" data-settings=\"{&quot;_animation&quot;:&quot;fadeInUp&quot;,&quot;_animation_delay&quot;:0}\" data-widget_type=\"heading.default\">\n\t\t\t\t<div class=\"elementor-widget-container\">\n\t\t\t<h1 class=\"elementor-heading-title elementor-size-default\">ADVISORY  BOARD<\/h1>\t\t<\/div>\n\t\t\t\t<\/div>\n\t\t\t\t<\/div>\n\t\t\t\t\t<\/div>\n\t\t\t\t<\/div>\n\t\t<div class=\"elementor-element elementor-element-fedc58c e-flex e-con-boxed e-con e-parent\" data-id=\"fedc58c\" data-element_type=\"container\" data-settings=\"{&quot;content_width&quot;:&quot;boxed&quot;}\" data-core-v316-plus=\"true\">\n\t\t\t\t\t<div class=\"e-con-inner\">\n\t\t<div class=\"elementor-element elementor-element-6fe6139 e-con-full e-flex e-con e-child\" data-id=\"6fe6139\" data-element_type=\"container\" data-settings=\"{&quot;content_width&quot;:&quot;full&quot;}\">\n\t\t\t\t<div class=\"elementor-element elementor-element-42456ae elementor-widget elementor-widget-heading\" data-id=\"42456ae\" data-element_type=\"widget\" data-widget_type=\"heading.default\">\n\t\t\t\t<div class=\"elementor-widget-container\">\n\t\t\t<h2 class=\"elementor-heading-title elementor-size-default\"><span style=\"box-sizing: inherit; color: rgb(78, 86, 82); font-family: &quot;Noto Sans&quot;, sans-serif; font-size: 20px; text-transform: none; white-space-collapse: collapse;\">Members<\/span><span style=\"color: rgb(78, 86, 82); font-family: &quot;Noto Sans&quot;, sans-serif; font-size: 20px; font-weight: 400; text-transform: none; white-space-collapse: collapse;\">&nbsp;:<\/span><\/h2>\t\t<\/div>\n\t\t\t\t<\/div>\n\t\t\t\t<div class=\"elementor-element elementor-element-0782165 elementor-widget-divider--view-line elementor-widget elementor-widget-divider\" data-id=\"0782165\" data-element_type=\"widget\" data-widget_type=\"divider.default\">\n\t\t\t\t<div class=\"elementor-widget-container\">\n\t\t\t\t\t<div class=\"elementor-divider\">\n\t\t\t<span class=\"elementor-divider-separator\">\n\t\t\t\t\t\t<\/span>\n\t\t<\/div>\n\t\t\t\t<\/div>\n\t\t\t\t<\/div>\n\t\t\t\t<div class=\"elementor-element elementor-element-f345616 elementor-widget elementor-widget-text-editor\" data-id=\"f345616\" data-element_type=\"widget\" data-widget_type=\"text-editor.default\">\n\t\t\t\t<div class=\"elementor-widget-container\">\n\t\t\t\t\t\t\t<p style=\"box-sizing: inherit; font-size: 20px; font-style: normal; font-weight: 400; margin-right: auto; margin-left: auto; max-width: var(--wp--custom--ast-content-width-size);\"><span style=\"box-sizing: inherit; font-weight: 700;\">Dr. Carmen Bizzarri<\/span><br style=\"box-sizing: inherit;\">Associate professor, European University of Rome<\/p><p style=\"box-sizing: inherit; font-size: 20px; font-style: normal; font-weight: 400; margin-right: auto; margin-left: auto; max-width: var(--wp--custom--ast-content-width-size);\"><span style=\"box-sizing: inherit; font-weight: 700;\">Dr. Georgi Genov<\/span><br style=\"box-sizing: inherit;\">Professor, College of Tourism, ASS Belgrade; Director, HORES (Business Association of Hotel and Catering Industry-Serbia)<\/p><p style=\"box-sizing: inherit; font-size: 20px; font-style: normal; font-weight: 400; margin-right: auto; margin-left: auto; max-width: var(--wp--custom--ast-content-width-size);\"><span style=\"box-sizing: inherit; font-weight: 700;\">Dr. Maria Gravari-Barbas<\/span><br style=\"box-sizing: inherit;\">Professor, Paris 1- Sorbonne University, France; Director, EIREST<\/p><p style=\"box-sizing: inherit; font-size: 20px; font-style: normal; font-weight: 400; margin-right: auto; margin-left: auto; max-width: var(--wp--custom--ast-content-width-size);\"><span style=\"box-sizing: inherit; font-weight: 700;\">Dr. Ivana Damnjanovi\u0107<\/span><br style=\"box-sizing: inherit;\">Associate professor, Faculty of Health, Legal and Business Studies, Singidunum University, Valjevo, Serbia; Transformational Travel Council<\/p><p style=\"box-sizing: inherit; font-size: 20px; font-style: normal; font-weight: 400; margin-right: auto; margin-left: auto; max-width: var(--wp--custom--ast-content-width-size);\"><span style=\"box-sizing: inherit; font-weight: 700;\">Frosso Dimitrakopoulou<\/span><br style=\"box-sizing: inherit;\">Founder, Ecoclub; Vice-President, Greek Ecotourism Society<\/p><p style=\"box-sizing: inherit; font-size: 20px; font-style: normal; font-weight: 400; margin-right: auto; margin-left: auto; max-width: var(--wp--custom--ast-content-width-size);\"><span style=\"box-sizing: inherit; font-weight: 700;\">Klaus Ehrlich<\/span><br style=\"box-sizing: inherit;\">General secretary, Rural Tour (European Federation of Rural tourism);&nbsp;<a style=\"box-sizing: inherit; transition-property: all;\">Coordinator, Pact for Skills in Tourism LSP<\/a><\/p><p style=\"box-sizing: inherit; font-size: 20px; font-style: normal; font-weight: 400; margin-right: auto; margin-left: auto; max-width: var(--wp--custom--ast-content-width-size);\"><span style=\"box-sizing: inherit; font-weight: 700;\">Dr. Lidija Petri\u0107<\/span><br style=\"box-sizing: inherit;\">Full professor, Faculty of Economics, Business, and Tourism, University of Split, Croatia<\/p><p style=\"box-sizing: inherit; font-size: 20px; font-style: normal; font-weight: 400; margin-right: auto; margin-left: auto; max-width: var(--wp--custom--ast-content-width-size);\"><span style=\"box-sizing: inherit; font-weight: 700;\">Dr. Tatjana Pivac,<\/span><br style=\"box-sizing: inherit;\">Full professor, Department of Geography, Tourism, and Hotel Management, Faculty of Sciences, Novi Sad, Serbia<\/p><p style=\"box-sizing: inherit; font-size: 20px; font-style: normal; font-weight: 400; margin-right: auto; margin-left: auto; max-width: var(--wp--custom--ast-content-width-size);\"><span style=\"box-sizing: inherit; font-weight: 700;\">Dr. Kerstin Wegener,<\/span><br style=\"box-sizing: inherit;\">Professor, Frankfurt University of Applied Sciences<\/p><p style=\"box-sizing: inherit; font-size: 20px; font-style: normal; font-weight: 400; margin-right: auto; margin-bottom: 0px; margin-left: auto; max-width: var(--wp--custom--ast-content-width-size);\"><span style=\"box-sizing: inherit; font-weight: 700;\">Dr Jovan Popesku<\/span><br style=\"box-sizing: inherit;\">President, CenORT (According to the rules of CenORT, the President of the Management Board is also the Chairperson of the Advisory Board)<\/p>\t\t\t\t\t\t<\/div>\n\t\t\t\t<\/div>\n\t\t\t\t<\/div>\n\t\t\t\t\t<\/div>\n\t\t\t\t<\/div>\n\t\t\t\t<\/div>","protected":false},"excerpt":{"rendered":"<p>SAVETODAVNI ODBOR \u010clanovi Savetodavnog odbora&nbsp;su: Dr. Carmen BizzarriVanredni profesor, European University of Rome Dr. Georgi GenovProfesor, Visoka turisti\u010dka \u0161kola; ASS Beograd; Direktor, HORES (Poslovno udru\u017eenje hotelsko-ugostiteljske privrede) Dr. Maria Gravari-BarbasProfesor, Paris 1- Sorbonne University, France; Direktor, EIREST Dr. Ivana Damnjanovi\u0107Vanredni profesor, Fakultet zdravstvenih i poslovnih studija, Valjevo, Univerzitet Singidunum; Transformational Travel Council Frosso DimitrakopoulouOsniva\u010d, Ecoclub; [&hellip;]<\/p>","protected":false},"author":1,"featured_media":0,"parent":0,"menu_order":0,"comment_status":"closed","ping_status":"closed","template":"","meta":{"site-sidebar-layout":"no-sidebar","site-content-layout":"page-builder","ast-site-content-layout":"full-width-container","site-content-style":"default","site-sidebar-style":"default","ast-global-header-display":"","ast-banner-title-visibility":"","ast-main-header-display":"","ast-hfb-above-header-display":"","ast-hfb-below-header-display":"","ast-hfb-mobile-header-display":"","site-post-title":"disabled","ast-breadcrumbs-content":"","ast-featured-img":"disabled","footer-sml-layout":"","theme-transparent-header-meta":"","adv-header-id-meta":"","stick-header-meta":"","header-above-stick-meta":"","header-main-stick-meta":"","header-below-stick-meta":"","astra-migrate-meta-layouts":"set","ast-page-background-enabled":"default","ast-page-background-meta":{"desktop":{"background-color":"","background-image":"","background-repeat":"repeat","background-position":"center center","background-size":"auto","background-attachment":"scroll","background-type":"","background-media":"","overlay-type":"","overlay-color":"","overlay-gradient":""},"tablet":{"background-color":"","background-image":"","background-repeat":"repeat","background-position":"center center","background-size":"auto","background-attachment":"scroll","background-type":"","background-media":"","overlay-type":"","overlay-color":"","overlay-gradient":""},"mobile":{"background-color":"","background-image":"","background-repeat":"repeat","background-position":"center center","background-size":"auto","background-attachment":"scroll","background-type":"","background-media":"","overlay-type":"","overlay-color":"","overlay-gradient":""}},"ast-content-background-meta":{"desktop":{"background-color":"var(--ast-global-color-5)","background-image":"","background-repeat":"repeat","background-position":"center center","background-size":"auto","background-attachment":"scroll","background-type":"","background-media":"","overlay-type":"","overlay-color":"","overlay-gradient":""},"tablet":{"background-color":"var(--ast-global-color-5)","background-image":"","background-repeat":"repeat","background-position":"center center","background-size":"auto","background-attachment":"scroll","background-type":"","background-media":"","overlay-type":"","overlay-color":"","overlay-gradient":""},"mobile":{"background-color":"var(--ast-global-color-5)","background-image":"","background-repeat":"repeat","background-position":"center center","background-size":"auto","background-attachment":"scroll","background-type":"","background-media":"","overlay-type":"","overlay-color":"","overlay-gradient":""}},"footnotes":""},"yoast_head":"<!-- This site is optimized with the Yoast SEO plugin v21.9.1 - https:\/\/yoast.com\/wordpress\/plugins\/seo\/ -->\n<title>SAVETODAVNI ODBOR - Cenort - Centar za odgovorni i odr\u017eivi razvoj turizma<\/title>\n<meta name=\"robots\" content=\"index, follow, max-snippet:-1, max-image-preview:large, max-video-preview:-1\" \/>\n<link rel=\"canonical\" href=\"https:\/\/www.cenort.rs\/en\/savetodavni-odbor\/\" \/>\n<meta property=\"og:locale\" content=\"en_GB\" \/>\n<meta property=\"og:type\" content=\"article\" \/>\n<meta property=\"og:title\" content=\"SAVETODAVNI ODBOR - Cenort - Centar za odgovorni i odr\u017eivi razvoj turizma\" \/>\n<meta property=\"og:description\" content=\"SAVETODAVNI ODBOR \u010clanovi Savetodavnog odbora&nbsp;su: Dr. Carmen BizzarriVanredni profesor, European University of Rome Dr. Georgi GenovProfesor, Visoka turisti\u010dka \u0161kola; ASS Beograd; Direktor, HORES (Poslovno udru\u017eenje hotelsko-ugostiteljske privrede) Dr. Maria Gravari-BarbasProfesor, Paris 1- Sorbonne University, France; Direktor, EIREST Dr. Ivana Damnjanovi\u0107Vanredni profesor, Fakultet zdravstvenih i poslovnih studija, Valjevo, Univerzitet Singidunum; Transformational Travel Council Frosso DimitrakopoulouOsniva\u010d, Ecoclub; [&hellip;]\" \/>\n<meta property=\"og:url\" content=\"https:\/\/www.cenort.rs\/en\/savetodavni-odbor\/\" \/>\n<meta property=\"og:site_name\" content=\"Cenort - Centar za odgovorni i odr\u017eivi razvoj turizma\" \/>\n<meta property=\"article:modified_time\" content=\"2025-03-31T20:19:35+00:00\" \/>\n<meta property=\"og:image\" content=\"https:\/\/www.cenort.rs\/wp-content\/uploads\/2019\/04\/Dragacevo_credits_D.Bosnic-scaled.jpg\" \/>\n\t<meta property=\"og:image:width\" content=\"2560\" \/>\n\t<meta property=\"og:image:height\" content=\"1707\" \/>\n\t<meta property=\"og:image:type\" content=\"image\/jpeg\" \/>\n<meta name=\"twitter:card\" content=\"summary_large_image\" \/>\n<meta name=\"twitter:label1\" content=\"Estimated reading time\" \/>\n\t<meta name=\"twitter:data1\" content=\"1 minute\" \/>\n<script type=\"application\/ld+json\" class=\"yoast-schema-graph\">{\"@context\":\"https:\/\/schema.org\",\"@graph\":[{\"@type\":\"WebPage\",\"@id\":\"https:\/\/www.cenort.rs\/savetodavni-odbor\/\",\"url\":\"https:\/\/www.cenort.rs\/savetodavni-odbor\/\",\"name\":\"SAVETODAVNI ODBOR - Cenort - Centar za odgovorni i odr\u017eivi razvoj turizma\",\"isPartOf\":{\"@id\":\"https:\/\/www.cenort.rs\/#website\"},\"datePublished\":\"2025-03-24T19:53:05+00:00\",\"dateModified\":\"2025-03-31T20:19:35+00:00\",\"breadcrumb\":{\"@id\":\"https:\/\/www.cenort.rs\/savetodavni-odbor\/#breadcrumb\"},\"inLanguage\":\"en-GB\",\"potentialAction\":[{\"@type\":\"ReadAction\",\"target\":[\"https:\/\/www.cenort.rs\/savetodavni-odbor\/\"]}]},{\"@type\":\"BreadcrumbList\",\"@id\":\"https:\/\/www.cenort.rs\/savetodavni-odbor\/#breadcrumb\",\"itemListElement\":[{\"@type\":\"ListItem\",\"position\":1,\"name\":\"Home\",\"item\":\"https:\/\/www.cenort.rs\/\"},{\"@type\":\"ListItem\",\"position\":2,\"name\":\"SAVETODAVNI ODBOR\"}]},{\"@type\":\"WebSite\",\"@id\":\"https:\/\/www.cenort.rs\/#website\",\"url\":\"https:\/\/www.cenort.rs\/\",\"name\":\"Cenort - Centar Za Odgovorni I Odr\u017eivi Razvoj Turizma\",\"description\":\"Centar za odgovorni i odr\u017eivi razvoj turizma (CenORT) je nevladina, nezavisna i neprofitna institucija koja ima ulogu istra\u017eiva\u010dkog, savetodavnog, informativno-dokumentacionog i komunikacionog sredi\u0161ta za oblast od\u017eivog razvoja turizma.\",\"publisher\":{\"@id\":\"https:\/\/www.cenort.rs\/#organization\"},\"alternateName\":\"Centar Za Odgovorni I Odr\u017eivi Razvoj Turizma\",\"potentialAction\":[{\"@type\":\"SearchAction\",\"target\":{\"@type\":\"EntryPoint\",\"urlTemplate\":\"https:\/\/www.cenort.rs\/?s={search_term_string}\"},\"query-input\":\"required name=search_term_string\"}],\"inLanguage\":\"en-GB\"},{\"@type\":\"Organization\",\"@id\":\"https:\/\/www.cenort.rs\/#organization\",\"name\":\"Cenort - Centar Za Odgovorni I Odr\u017eivi Razvoj Turizma\",\"url\":\"https:\/\/www.cenort.rs\/\",\"logo\":{\"@type\":\"ImageObject\",\"inLanguage\":\"en-GB\",\"@id\":\"https:\/\/www.cenort.rs\/#\/schema\/logo\/image\/\",\"url\":\"https:\/\/www.cenort.rs\/wp-content\/uploads\/2019\/04\/cropped-cropped-cenort.png\",\"contentUrl\":\"https:\/\/www.cenort.rs\/wp-content\/uploads\/2019\/04\/cropped-cropped-cenort.png\",\"width\":209,\"height\":209,\"caption\":\"Cenort - Centar Za Odgovorni I Odr\u017eivi Razvoj Turizma\"},\"image\":{\"@id\":\"https:\/\/www.cenort.rs\/#\/schema\/logo\/image\/\"}}]}<\/script>\n<!-- \/ Yoast SEO plugin. -->","yoast_head_json":{"title":"SAVETODAVNI ODBOR - Cenort - Centar za odgovorni i odr\u017eivi razvoj turizma","robots":{"index":"index","follow":"follow","max-snippet":"max-snippet:-1","max-image-preview":"max-image-preview:large","max-video-preview":"max-video-preview:-1"},"canonical":"https:\/\/www.cenort.rs\/en\/savetodavni-odbor\/","og_locale":"en_GB","og_type":"article","og_title":"SAVETODAVNI ODBOR - Cenort - Centar za odgovorni i odr\u017eivi razvoj turizma","og_description":"SAVETODAVNI ODBOR \u010clanovi Savetodavnog odbora&nbsp;su: Dr. Carmen BizzarriVanredni profesor, European University of Rome Dr. Georgi GenovProfesor, Visoka turisti\u010dka \u0161kola; ASS Beograd; Direktor, HORES (Poslovno udru\u017eenje hotelsko-ugostiteljske privrede) Dr. Maria Gravari-BarbasProfesor, Paris 1- Sorbonne University, France; Direktor, EIREST Dr. Ivana Damnjanovi\u0107Vanredni profesor, Fakultet zdravstvenih i poslovnih studija, Valjevo, Univerzitet Singidunum; Transformational Travel Council Frosso DimitrakopoulouOsniva\u010d, Ecoclub; [&hellip;]","og_url":"https:\/\/www.cenort.rs\/en\/savetodavni-odbor\/","og_site_name":"Cenort - Centar za odgovorni i odr\u017eivi razvoj turizma","article_modified_time":"2025-03-31T20:19:35+00:00","og_image":[{"width":2560,"height":1707,"url":"https:\/\/www.cenort.rs\/wp-content\/uploads\/2019\/04\/Dragacevo_credits_D.Bosnic-scaled.jpg","type":"image\/jpeg"}],"twitter_card":"summary_large_image","twitter_misc":{"Estimated reading time":"1 minute"},"schema":{"@context":"https:\/\/schema.org","@graph":[{"@type":"WebPage","@id":"https:\/\/www.cenort.rs\/savetodavni-odbor\/","url":"https:\/\/www.cenort.rs\/savetodavni-odbor\/","name":"SAVETODAVNI ODBOR - Cenort - Centar za odgovorni i odr\u017eivi razvoj turizma","isPartOf":{"@id":"https:\/\/www.cenort.rs\/#website"},"datePublished":"2025-03-24T19:53:05+00:00","dateModified":"2025-03-31T20:19:35+00:00","breadcrumb":{"@id":"https:\/\/www.cenort.rs\/savetodavni-odbor\/#breadcrumb"},"inLanguage":"en-GB","potentialAction":[{"@type":"ReadAction","target":["https:\/\/www.cenort.rs\/savetodavni-odbor\/"]}]},{"@type":"BreadcrumbList","@id":"https:\/\/www.cenort.rs\/savetodavni-odbor\/#breadcrumb","itemListElement":[{"@type":"ListItem","position":1,"name":"Home","item":"https:\/\/www.cenort.rs\/"},{"@type":"ListItem","position":2,"name":"SAVETODAVNI ODBOR"}]},{"@type":"WebSite","@id":"https:\/\/www.cenort.rs\/#website","url":"https:\/\/www.cenort.rs\/","name":"Cenort - Centar Za Odgovorni I Odr\u017eivi Razvoj Turizma","description":"Centar za odgovorni i odr\u017eivi razvoj turizma (CenORT) je nevladina, nezavisna i neprofitna institucija koja ima ulogu istra\u017eiva\u010dkog, savetodavnog, informativno-dokumentacionog i komunikacionog sredi\u0161ta za oblast od\u017eivog razvoja turizma.","publisher":{"@id":"https:\/\/www.cenort.rs\/#organization"},"alternateName":"Centar Za Odgovorni I Odr\u017eivi Razvoj Turizma","potentialAction":[{"@type":"SearchAction","target":{"@type":"EntryPoint","urlTemplate":"https:\/\/www.cenort.rs\/?s={search_term_string}"},"query-input":"required name=search_term_string"}],"inLanguage":"en-GB"},{"@type":"Organization","@id":"https:\/\/www.cenort.rs\/#organization","name":"Cenort - Centar Za Odgovorni I Odr\u017eivi Razvoj Turizma","url":"https:\/\/www.cenort.rs\/","logo":{"@type":"ImageObject","inLanguage":"en-GB","@id":"https:\/\/www.cenort.rs\/#\/schema\/logo\/image\/","url":"https:\/\/www.cenort.rs\/wp-content\/uploads\/2019\/04\/cropped-cropped-cenort.png","contentUrl":"https:\/\/www.cenort.rs\/wp-content\/uploads\/2019\/04\/cropped-cropped-cenort.png","width":209,"height":209,"caption":"Cenort - Centar Za Odgovorni I Odr\u017eivi Razvoj Turizma"},"image":{"@id":"https:\/\/www.cenort.rs\/#\/schema\/logo\/image\/"}}]}},"_links":{"self":[{"href":"https:\/\/www.cenort.rs\/en\/wp-json\/wp\/v2\/pages\/5216"}],"collection":[{"href":"https:\/\/www.cenort.rs\/en\/wp-json\/wp\/v2\/pages"}],"about":[{"href":"https:\/\/www.cenort.rs\/en\/wp-json\/wp\/v2\/types\/page"}],"author":[{"embeddable":true,"href":"https:\/\/www.cenort.rs\/en\/wp-json\/wp\/v2\/users\/1"}],"replies":[{"embeddable":true,"href":"https:\/\/www.cenort.rs\/en\/wp-json\/wp\/v2\/comments?post=5216"}],"version-history":[{"count":8,"href":"https:\/\/www.cenort.rs\/en\/wp-json\/wp\/v2\/pages\/5216\/revisions"}],"predecessor-version":[{"id":5227,"href":"https:\/\/www.cenort.rs\/en\/wp-json\/wp\/v2\/pages\/5216\/revisions\/5227"}],"wp:attachment":[{"href":"https:\/\/www.cenort.rs\/en\/wp-json\/wp\/v2\/media?parent=5216"}],"curies":[{"name":"wp","href":"https:\/\/api.w.org\/{rel}","templated":true}]}}