{"id":5084,"date":"2024-04-02T15:34:30","date_gmt":"2024-04-02T13:34:30","guid":{"rendered":"https:\/\/www.cenort.rs\/?page_id=5084"},"modified":"2025-10-10T16:01:46","modified_gmt":"2025-10-10T14:01:46","slug":"dejan-veselinov","status":"publish","type":"page","link":"https:\/\/www.cenort.rs\/en\/dejan-veselinov\/","title":{"rendered":"Dejan Veselinov\u200b"},"content":{"rendered":"<div data-elementor-type=\"wp-page\" data-elementor-id=\"5084\" class=\"elementor elementor-5084\">\n\t\t\t\t<div class=\"elementor-element elementor-element-afc6c8c e-flex e-con-boxed e-con e-parent\" data-id=\"afc6c8c\" data-element_type=\"container\" data-settings=\"{&quot;background_background&quot;:&quot;classic&quot;,&quot;content_width&quot;:&quot;boxed&quot;}\" data-core-v316-plus=\"true\">\n\t\t\t\t\t<div class=\"e-con-inner\">\n\t\t<div class=\"elementor-element elementor-element-ab46c76 e-con-full e-flex e-con e-child\" data-id=\"ab46c76\" data-element_type=\"container\" data-settings=\"{&quot;content_width&quot;:&quot;full&quot;}\">\n\t\t\t\t<div class=\"elementor-element elementor-element-76578ce elementor-invisible elementor-widget elementor-widget-heading\" data-id=\"76578ce\" data-element_type=\"widget\" data-settings=\"{&quot;_animation&quot;:&quot;fadeInUp&quot;,&quot;_animation_delay&quot;:0}\" data-widget_type=\"heading.default\">\n\t\t\t\t<div class=\"elementor-widget-container\">\n\t\t\t<h1 class=\"elementor-heading-title elementor-size-default\">OUR TEAM<\/h1>\t\t<\/div>\n\t\t\t\t<\/div>\n\t\t\t\t<div class=\"elementor-element elementor-element-b1ab04d animated-slow elementor-invisible elementor-widget elementor-widget-heading\" data-id=\"b1ab04d\" data-element_type=\"widget\" data-settings=\"{&quot;_animation&quot;:&quot;fadeIn&quot;}\" data-widget_type=\"heading.default\">\n\t\t\t\t<div class=\"elementor-widget-container\">\n\t\t\t<h3 class=\"elementor-heading-title elementor-size-default\">Centre for Responsible and Sustainable Tourism Development <\/h3>\t\t<\/div>\n\t\t\t\t<\/div>\n\t\t\t\t<\/div>\n\t\t\t\t\t<\/div>\n\t\t\t\t<\/div>\n\t\t\t\t<section class=\"elementor-section elementor-top-section elementor-element elementor-element-dfab1be elementor-section-content-middle elementor-section-boxed elementor-section-height-default elementor-section-height-default\" data-id=\"dfab1be\" data-element_type=\"section\" data-settings=\"{&quot;background_background&quot;:&quot;classic&quot;}\">\n\t\t\t\t\t\t<div class=\"elementor-container elementor-column-gap-no\">\n\t\t\t\t\t<div class=\"elementor-column elementor-col-50 elementor-top-column elementor-element elementor-element-d6bdfe5\" data-id=\"d6bdfe5\" data-element_type=\"column\">\n\t\t\t<div class=\"elementor-widget-wrap elementor-element-populated\">\n\t\t\t\t\t\t<div class=\"elementor-element elementor-element-aa1f2f4 elementor-widget elementor-widget-image\" data-id=\"aa1f2f4\" data-element_type=\"widget\" data-widget_type=\"image.default\">\n\t\t\t\t<div class=\"elementor-widget-container\">\n\t\t\t\t\t\t\t\t\t\t\t\t\t<img fetchpriority=\"high\" decoding=\"async\" width=\"2531\" height=\"2560\" src=\"https:\/\/www.cenort.rs\/wp-content\/uploads\/2024\/04\/Dejan-Veselinov-Slika-scaled.jpg\" class=\"attachment-full size-full wp-image-4955\" alt=\"dejan\" srcset=\"https:\/\/www.cenort.rs\/wp-content\/uploads\/2024\/04\/Dejan-Veselinov-Slika-scaled.jpg 2531w, https:\/\/www.cenort.rs\/wp-content\/uploads\/2024\/04\/Dejan-Veselinov-Slika-297x300.jpg 297w, https:\/\/www.cenort.rs\/wp-content\/uploads\/2024\/04\/Dejan-Veselinov-Slika-1012x1024.jpg 1012w, https:\/\/www.cenort.rs\/wp-content\/uploads\/2024\/04\/Dejan-Veselinov-Slika-768x777.jpg 768w, https:\/\/www.cenort.rs\/wp-content\/uploads\/2024\/04\/Dejan-Veselinov-Slika-1519x1536.jpg 1519w, https:\/\/www.cenort.rs\/wp-content\/uploads\/2024\/04\/Dejan-Veselinov-Slika-2025x2048.jpg 2025w, https:\/\/www.cenort.rs\/wp-content\/uploads\/2024\/04\/Dejan-Veselinov-Slika-12x12.jpg 12w\" sizes=\"(max-width: 2531px) 100vw, 2531px\" \/>\t\t\t\t\t\t\t\t\t\t\t\t\t<\/div>\n\t\t\t\t<\/div>\n\t\t\t\t\t<\/div>\n\t\t<\/div>\n\t\t\t\t<div class=\"elementor-column elementor-col-50 elementor-top-column elementor-element elementor-element-08ec82e\" data-id=\"08ec82e\" data-element_type=\"column\">\n\t\t\t<div class=\"elementor-widget-wrap elementor-element-populated\">\n\t\t\t\t\t\t<section class=\"elementor-section elementor-inner-section elementor-element elementor-element-ac133a1 elementor-section-boxed elementor-section-height-default elementor-section-height-default\" data-id=\"ac133a1\" data-element_type=\"section\">\n\t\t\t\t\t\t<div class=\"elementor-container elementor-column-gap-no\">\n\t\t\t\t\t<div class=\"elementor-column elementor-col-100 elementor-inner-column elementor-element elementor-element-c399cec\" data-id=\"c399cec\" data-element_type=\"column\">\n\t\t\t<div class=\"elementor-widget-wrap elementor-element-populated\">\n\t\t\t\t\t\t<div class=\"elementor-element elementor-element-929211f elementor-widget elementor-widget-heading\" data-id=\"929211f\" data-element_type=\"widget\" data-widget_type=\"heading.default\">\n\t\t\t\t<div class=\"elementor-widget-container\">\n\t\t\t<h1 class=\"elementor-heading-title elementor-size-default\">Dejan Veselinov<\/h1>\t\t<\/div>\n\t\t\t\t<\/div>\n\t\t\t\t<div class=\"elementor-element elementor-element-69c0667 elementor-widget elementor-widget-text-editor\" data-id=\"69c0667\" data-element_type=\"widget\" data-widget_type=\"text-editor.default\">\n\t\t\t\t<div class=\"elementor-widget-container\">\n\t\t\t\t\t\t\t<p><b>M.A., Associate<\/b><\/p>\t\t\t\t\t\t<\/div>\n\t\t\t\t<\/div>\n\t\t\t\t\t<\/div>\n\t\t<\/div>\n\t\t\t\t\t<\/div>\n\t\t<\/section>\n\t\t\t\t\t<\/div>\n\t\t<\/div>\n\t\t\t\t\t<\/div>\n\t\t<\/section>\n\t\t<div class=\"elementor-element elementor-element-0665b2c e-flex e-con-boxed e-con e-parent\" data-id=\"0665b2c\" data-element_type=\"container\" data-settings=\"{&quot;content_width&quot;:&quot;boxed&quot;}\" data-core-v316-plus=\"true\">\n\t\t\t\t\t<div class=\"e-con-inner\">\n\t\t\t\t<div class=\"elementor-element elementor-element-1378172 elementor-widget elementor-widget-text-editor\" data-id=\"1378172\" data-element_type=\"widget\" data-widget_type=\"text-editor.default\">\n\t\t\t\t<div class=\"elementor-widget-container\">\n\t\t\t\t\t\t\t<p>Dejan Veselinov is director of  Tourism Industry Association of Serbia (ATIS) and  the owner and director of the agency \"Veselinov Tourism Consulting\" based in Belgrade.<\/p><p><span style=\"font-style: inherit; font-weight: inherit;\">He furthered his education and interests through his M.A. thesis\n\"Contemporary Approaches to Destination Management: The Case of Belgrade,\" defended\n2016 at the Singidunum University.\nHis main expertise in PR and destination management was acquired during his twelve-year tenure at the Tourist Organization of Belgrade. Starting as an assistant, he gradually advanced through various PR roles until eventually attaining the director position.<\/span><\/p>\n<p>As a manager, he acquired new knowledge, experiences, skills, and numerous contacts with people from around the world, particularly in tourism and other business spheres.<\/p>\n<p>Over the past eight years, at his tourism consulting agency, he has worked on numerous projects in the local, cross-border, and transnational areas, particularly through the development of significant international tourism products such as the Cultural Route of the Roman Emperors, Danube Wine Route, and EuroVelo cycling routes. In these projects, he provided support and expertise in establishing destination management strategies and communications that enable effective visitor management and communication within and between all destinations involved in the routes.<\/p>\n<p><span style=\"text-align: var(--text-align); background-color: var(--ast-global-color-4);\">Teorijski i prakti\u010dni rad u vezi sa upravljanjem turisti\u010dkim destinacijama je unapredio odbraniv\u0161i 2016. godine na Univerzitetu Singidunum magistarsku tezu na temu \u201eSavremeni pristupi upravljanju turisti\u010dkim destinacijama na primeru Beograda&#8220;<br><\/span><\/p>\n<p><span style=\"font-style: inherit; font-weight: inherit; text-align: var(--text-align); background-color: var(--ast-global-color-4); color: var(--ast-global-color-3);\">Throughout his career, he has completed various courses and training programs, notably \"Destination Pro\" (European Cities Marketing) and a Sustainable Tourism training class (Global Sustainable Tourism Council).<\/span><\/p>\n<p><\/p>\n<p><strong>Projects (selected):<\/strong><\/p>\n<p><\/p>\n<ul>\n<li class=\" translation-block\">TransDanube.Pearls, Danube Competence Center (Danube Region) July 2017 \u2013 Jun 2019; INTERREG, Danube Transnational Programme, http:\/\/www.interreg-danube.eu\/approved-projects\/transdanube-pearls and https:\/\/www.danube-pearls.eu\/en\/danube-pearls\/<\/li>\n<li class=\" translation-block\">The Roman Emperors and Danube Wine Route, Danube Competence Center (Danube region) Apr 2018 \u2013 March 2022; European Union\u2019s COSME Programme (2014-2020), https:\/\/romanemperorsroute.org<\/li>\n<li>\u201eTourism Development Strategy Rajac Rogljevo Smedovac and accompanying Action Plan 2021 \u2013 2026 83372254 \u201c Deutsche Gesellschaft f\u00fcr Internationale Zusammenarbeit GIZ, January \u2013May 2021. (Eastern Serbia)<\/li>\n<li>\u201eStrategic Program for Tourism Development of the Municipality of Gadzin Han and thecAction Plan 2022-2027\u201c, \u201eOperational Marketing Plan\u201c and \u201eBusiness plan for the development of a camping site in the Municipality Gadzin Han\u201c, September 2023.<\/li>\n<li>\u201cAdriatic Landscape Interpretation Network\u201d ADRIALINK's - Drafting of the document: \"Detailed plan for the implementation of the Landscape Interpretation Center\" using VR technology and a system of connected interactive totems and \"Plan for project management and sustainability\". Interreg Adrion 2020-02-01 \u2013 2022-07-31<\/li>\n<li>\"Preservation and Attractive Exhibition of the Natural and Cultural Heritage of Belogradchik and Boljevac Municipalities\" Ref. No CB007.2.11.064. Study Common Tourist Routes in the Cross-Border Area of Boljevac and Belogradchik Municipalities. Interreg \u2013 IPA CBC, year 2022. (Eastern Serbia)<\/li>\n<li>\"The Experiential Tourism Soft Skills and Marketing: The Real Tourism Turning Point\" by the Regional Development Agency Srem and two Italian organizations: Localevolution, an association for social promotion and organization of cultural events in the Abruzzo region, Scanno; CrowdAid A.P.S.<\/li>\n<li>\u201cDevelopment of basic guidelines for creating a marketing plan for DMO \u0160umadija and Pomoravlje\u201d, Regional Development Agency \u0160umadija and Pomoravlje, 2023.<\/li>\n<li>\u201cElaborate on the Serbian Outbound Market\u201d, Spanish Tourism National Board - analysis of the entire Serbian tourism market (generally outbound to all countries, not inbound), analysis of the Serbian outbound market to Spain, and conclusions and assessments. March 2022<\/li>\n<li>\u201cStudy of the potential development of religious tourism products and pilgrimages in the area of Vodnjan (Croatia) and surroundings\u201d - Basis for the Adoption of the Sacred Tourism Development Program, December 2022.<\/li>\n<li>Call for Emergency Grant implemented under the project \u201cEU for Cultural Heritage and Tourism in Serbia\u201d\u2028Deutsche Gesellschaft f\u00fcr Internationale Zusammenarbeit GIZ July \u2013 August 2020;<\/li>\n<li class=\" translation-block\">NGO \u201eSupernatural\u201c Promotion and development of the project \u201c12 magnificent\u201d (gastronomy tour through Serbia), 2018;Supported by US Embassy \nBelgrade Fair, PR and Business development 2019. and 2020, 2022, 2023.\nBelgrade Tourism Fair, https:\/\/beogradskisajamturizma.rs\/en\/why-to-exhibit-at-the-fair\/b2b-portal\/<\/li>\n<li>Tourist Organisation of Vojvodina Tourism consulting, 2017, 2018, 2019, 2020, 2021, 2022.<\/li>\n<\/ul>\t\t\t\t\t\t<\/div>\n\t\t\t\t<\/div>\n\t\t\t\t\t<\/div>\n\t\t\t\t<\/div>\n\t\t\t\t<\/div>","protected":false},"excerpt":{"rendered":"<p>NA\u0160 TIM Centar Za Odgovorni I Odr\u017eivi Razvoj Turizma Mr Dejan Veselinov SARADNIK Dejan Veselinov je direktor Asosijacije turisti\u010dke industrije Srbije (ATIS) i&nbsp; vlasnik i direktor agencije \u201cVeselinov Tourism Consulting \u201c sa sedi\u0161tem u Beogradu. Svoje znanje i iskustvo prvenstveno je stekao u oblasti odnosa s javno\u0161\u0107u (PR) i menad\u017ementa turisti\u010dke destinacije tokom dvanaestogodi\u0161njeg rada [&hellip;]<\/p>","protected":false},"author":1,"featured_media":0,"parent":0,"menu_order":0,"comment_status":"closed","ping_status":"closed","template":"","meta":{"site-sidebar-layout":"no-sidebar","site-content-layout":"page-builder","ast-site-content-layout":"full-width-container","site-content-style":"default","site-sidebar-style":"default","ast-global-header-display":"","ast-banner-title-visibility":"","ast-main-header-display":"","ast-hfb-above-header-display":"","ast-hfb-below-header-display":"","ast-hfb-mobile-header-display":"","site-post-title":"disabled","ast-breadcrumbs-content":"","ast-featured-img":"disabled","footer-sml-layout":"","theme-transparent-header-meta":"","adv-header-id-meta":"","stick-header-meta":"","header-above-stick-meta":"","header-main-stick-meta":"","header-below-stick-meta":"","astra-migrate-meta-layouts":"set","ast-page-background-enabled":"default","ast-page-background-meta":{"desktop":{"background-color":"","background-image":"","background-repeat":"repeat","background-position":"center center","background-size":"auto","background-attachment":"scroll","background-type":"","background-media":"","overlay-type":"","overlay-color":"","overlay-gradient":""},"tablet":{"background-color":"","background-image":"","background-repeat":"repeat","background-position":"center center","background-size":"auto","background-attachment":"scroll","background-type":"","background-media":"","overlay-type":"","overlay-color":"","overlay-gradient":""},"mobile":{"background-color":"","background-image":"","background-repeat":"repeat","background-position":"center center","background-size":"auto","background-attachment":"scroll","background-type":"","background-media":"","overlay-type":"","overlay-color":"","overlay-gradient":""}},"ast-content-background-meta":{"desktop":{"background-color":"var(--ast-global-color-5)","background-image":"","background-repeat":"repeat","background-position":"center center","background-size":"auto","background-attachment":"scroll","background-type":"","background-media":"","overlay-type":"","overlay-color":"","overlay-gradient":""},"tablet":{"background-color":"var(--ast-global-color-5)","background-image":"","background-repeat":"repeat","background-position":"center center","background-size":"auto","background-attachment":"scroll","background-type":"","background-media":"","overlay-type":"","overlay-color":"","overlay-gradient":""},"mobile":{"background-color":"var(--ast-global-color-5)","background-image":"","background-repeat":"repeat","background-position":"center center","background-size":"auto","background-attachment":"scroll","background-type":"","background-media":"","overlay-type":"","overlay-color":"","overlay-gradient":""}},"footnotes":""},"yoast_head":"<!-- This site is optimized with the Yoast SEO plugin v21.9.1 - https:\/\/yoast.com\/wordpress\/plugins\/seo\/ -->\n<title>Dejan Veselinov\u200b - Cenort - Centar za odgovorni i odr\u017eivi razvoj turizma<\/title>\n<meta name=\"robots\" content=\"index, follow, max-snippet:-1, max-image-preview:large, max-video-preview:-1\" \/>\n<link rel=\"canonical\" href=\"https:\/\/www.cenort.rs\/en\/dejan-veselinov\/\" \/>\n<meta property=\"og:locale\" content=\"en_GB\" \/>\n<meta property=\"og:type\" content=\"article\" \/>\n<meta property=\"og:title\" content=\"Dejan Veselinov\u200b - Cenort - Centar za odgovorni i odr\u017eivi razvoj turizma\" \/>\n<meta property=\"og:description\" content=\"NA\u0160 TIM Centar Za Odgovorni I Odr\u017eivi Razvoj Turizma Mr Dejan Veselinov SARADNIK Dejan Veselinov je direktor Asosijacije turisti\u010dke industrije Srbije (ATIS) i&nbsp; vlasnik i direktor agencije \u201cVeselinov Tourism Consulting \u201c sa sedi\u0161tem u Beogradu. Svoje znanje i iskustvo prvenstveno je stekao u oblasti odnosa s javno\u0161\u0107u (PR) i menad\u017ementa turisti\u010dke destinacije tokom dvanaestogodi\u0161njeg rada [&hellip;]\" \/>\n<meta property=\"og:url\" content=\"https:\/\/www.cenort.rs\/en\/dejan-veselinov\/\" \/>\n<meta property=\"og:site_name\" content=\"Cenort - Centar za odgovorni i odr\u017eivi razvoj turizma\" \/>\n<meta property=\"article:modified_time\" content=\"2025-10-10T14:01:46+00:00\" \/>\n<meta property=\"og:image\" content=\"https:\/\/www.cenort.rs\/wp-content\/uploads\/2024\/04\/Dejan-Veselinov-Slika-scaled.jpg\" \/>\n<meta name=\"twitter:card\" content=\"summary_large_image\" \/>\n<meta name=\"twitter:label1\" content=\"Estimated reading time\" \/>\n\t<meta name=\"twitter:data1\" content=\"3 minutes\" \/>\n<script type=\"application\/ld+json\" class=\"yoast-schema-graph\">{\"@context\":\"https:\/\/schema.org\",\"@graph\":[{\"@type\":\"WebPage\",\"@id\":\"https:\/\/www.cenort.rs\/dejan-veselinov\/\",\"url\":\"https:\/\/www.cenort.rs\/dejan-veselinov\/\",\"name\":\"Dejan Veselinov\u200b - Cenort - Centar za odgovorni i odr\u017eivi razvoj turizma\",\"isPartOf\":{\"@id\":\"https:\/\/www.cenort.rs\/#website\"},\"datePublished\":\"2024-04-02T13:34:30+00:00\",\"dateModified\":\"2025-10-10T14:01:46+00:00\",\"breadcrumb\":{\"@id\":\"https:\/\/www.cenort.rs\/dejan-veselinov\/#breadcrumb\"},\"inLanguage\":\"en-GB\",\"potentialAction\":[{\"@type\":\"ReadAction\",\"target\":[\"https:\/\/www.cenort.rs\/dejan-veselinov\/\"]}]},{\"@type\":\"BreadcrumbList\",\"@id\":\"https:\/\/www.cenort.rs\/dejan-veselinov\/#breadcrumb\",\"itemListElement\":[{\"@type\":\"ListItem\",\"position\":1,\"name\":\"Home\",\"item\":\"https:\/\/www.cenort.rs\/\"},{\"@type\":\"ListItem\",\"position\":2,\"name\":\"Dejan Veselinov\u200b\"}]},{\"@type\":\"WebSite\",\"@id\":\"https:\/\/www.cenort.rs\/#website\",\"url\":\"https:\/\/www.cenort.rs\/\",\"name\":\"Cenort - Centar Za Odgovorni I Odr\u017eivi Razvoj Turizma\",\"description\":\"Centar za odgovorni i odr\u017eivi razvoj turizma (CenORT) je nevladina, nezavisna i neprofitna institucija koja ima ulogu istra\u017eiva\u010dkog, savetodavnog, informativno-dokumentacionog i komunikacionog sredi\u0161ta za oblast od\u017eivog razvoja turizma.\",\"publisher\":{\"@id\":\"https:\/\/www.cenort.rs\/#organization\"},\"alternateName\":\"Centar Za Odgovorni I Odr\u017eivi Razvoj Turizma\",\"potentialAction\":[{\"@type\":\"SearchAction\",\"target\":{\"@type\":\"EntryPoint\",\"urlTemplate\":\"https:\/\/www.cenort.rs\/?s={search_term_string}\"},\"query-input\":\"required name=search_term_string\"}],\"inLanguage\":\"en-GB\"},{\"@type\":\"Organization\",\"@id\":\"https:\/\/www.cenort.rs\/#organization\",\"name\":\"Cenort - Centar Za Odgovorni I Odr\u017eivi Razvoj Turizma\",\"url\":\"https:\/\/www.cenort.rs\/\",\"logo\":{\"@type\":\"ImageObject\",\"inLanguage\":\"en-GB\",\"@id\":\"https:\/\/www.cenort.rs\/#\/schema\/logo\/image\/\",\"url\":\"https:\/\/www.cenort.rs\/wp-content\/uploads\/2019\/04\/cropped-cropped-cenort.png\",\"contentUrl\":\"https:\/\/www.cenort.rs\/wp-content\/uploads\/2019\/04\/cropped-cropped-cenort.png\",\"width\":209,\"height\":209,\"caption\":\"Cenort - Centar Za Odgovorni I Odr\u017eivi Razvoj Turizma\"},\"image\":{\"@id\":\"https:\/\/www.cenort.rs\/#\/schema\/logo\/image\/\"}}]}<\/script>\n<!-- \/ Yoast SEO plugin. -->","yoast_head_json":{"title":"Dejan Veselinov\u200b - Cenort - Centar za odgovorni i odr\u017eivi razvoj turizma","robots":{"index":"index","follow":"follow","max-snippet":"max-snippet:-1","max-image-preview":"max-image-preview:large","max-video-preview":"max-video-preview:-1"},"canonical":"https:\/\/www.cenort.rs\/en\/dejan-veselinov\/","og_locale":"en_GB","og_type":"article","og_title":"Dejan Veselinov\u200b - Cenort - Centar za odgovorni i odr\u017eivi razvoj turizma","og_description":"NA\u0160 TIM Centar Za Odgovorni I Odr\u017eivi Razvoj Turizma Mr Dejan Veselinov SARADNIK Dejan Veselinov je direktor Asosijacije turisti\u010dke industrije Srbije (ATIS) i&nbsp; vlasnik i direktor agencije \u201cVeselinov Tourism Consulting \u201c sa sedi\u0161tem u Beogradu. Svoje znanje i iskustvo prvenstveno je stekao u oblasti odnosa s javno\u0161\u0107u (PR) i menad\u017ementa turisti\u010dke destinacije tokom dvanaestogodi\u0161njeg rada [&hellip;]","og_url":"https:\/\/www.cenort.rs\/en\/dejan-veselinov\/","og_site_name":"Cenort - Centar za odgovorni i odr\u017eivi razvoj turizma","article_modified_time":"2025-10-10T14:01:46+00:00","og_image":[{"url":"https:\/\/www.cenort.rs\/wp-content\/uploads\/2024\/04\/Dejan-Veselinov-Slika-scaled.jpg"}],"twitter_card":"summary_large_image","twitter_misc":{"Estimated reading time":"3 minutes"},"schema":{"@context":"https:\/\/schema.org","@graph":[{"@type":"WebPage","@id":"https:\/\/www.cenort.rs\/dejan-veselinov\/","url":"https:\/\/www.cenort.rs\/dejan-veselinov\/","name":"Dejan Veselinov\u200b - Cenort - Centar za odgovorni i odr\u017eivi razvoj turizma","isPartOf":{"@id":"https:\/\/www.cenort.rs\/#website"},"datePublished":"2024-04-02T13:34:30+00:00","dateModified":"2025-10-10T14:01:46+00:00","breadcrumb":{"@id":"https:\/\/www.cenort.rs\/dejan-veselinov\/#breadcrumb"},"inLanguage":"en-GB","potentialAction":[{"@type":"ReadAction","target":["https:\/\/www.cenort.rs\/dejan-veselinov\/"]}]},{"@type":"BreadcrumbList","@id":"https:\/\/www.cenort.rs\/dejan-veselinov\/#breadcrumb","itemListElement":[{"@type":"ListItem","position":1,"name":"Home","item":"https:\/\/www.cenort.rs\/"},{"@type":"ListItem","position":2,"name":"Dejan Veselinov\u200b"}]},{"@type":"WebSite","@id":"https:\/\/www.cenort.rs\/#website","url":"https:\/\/www.cenort.rs\/","name":"Cenort - Centar Za Odgovorni I Odr\u017eivi Razvoj Turizma","description":"Centar za odgovorni i odr\u017eivi razvoj turizma (CenORT) je nevladina, nezavisna i neprofitna institucija koja ima ulogu istra\u017eiva\u010dkog, savetodavnog, informativno-dokumentacionog i komunikacionog sredi\u0161ta za oblast od\u017eivog razvoja turizma.","publisher":{"@id":"https:\/\/www.cenort.rs\/#organization"},"alternateName":"Centar Za Odgovorni I Odr\u017eivi Razvoj Turizma","potentialAction":[{"@type":"SearchAction","target":{"@type":"EntryPoint","urlTemplate":"https:\/\/www.cenort.rs\/?s={search_term_string}"},"query-input":"required name=search_term_string"}],"inLanguage":"en-GB"},{"@type":"Organization","@id":"https:\/\/www.cenort.rs\/#organization","name":"Cenort - Centar Za Odgovorni I Odr\u017eivi Razvoj Turizma","url":"https:\/\/www.cenort.rs\/","logo":{"@type":"ImageObject","inLanguage":"en-GB","@id":"https:\/\/www.cenort.rs\/#\/schema\/logo\/image\/","url":"https:\/\/www.cenort.rs\/wp-content\/uploads\/2019\/04\/cropped-cropped-cenort.png","contentUrl":"https:\/\/www.cenort.rs\/wp-content\/uploads\/2019\/04\/cropped-cropped-cenort.png","width":209,"height":209,"caption":"Cenort - Centar Za Odgovorni I Odr\u017eivi Razvoj Turizma"},"image":{"@id":"https:\/\/www.cenort.rs\/#\/schema\/logo\/image\/"}}]}},"_links":{"self":[{"href":"https:\/\/www.cenort.rs\/en\/wp-json\/wp\/v2\/pages\/5084"}],"collection":[{"href":"https:\/\/www.cenort.rs\/en\/wp-json\/wp\/v2\/pages"}],"about":[{"href":"https:\/\/www.cenort.rs\/en\/wp-json\/wp\/v2\/types\/page"}],"author":[{"embeddable":true,"href":"https:\/\/www.cenort.rs\/en\/wp-json\/wp\/v2\/users\/1"}],"replies":[{"embeddable":true,"href":"https:\/\/www.cenort.rs\/en\/wp-json\/wp\/v2\/comments?post=5084"}],"version-history":[{"count":22,"href":"https:\/\/www.cenort.rs\/en\/wp-json\/wp\/v2\/pages\/5084\/revisions"}],"predecessor-version":[{"id":5274,"href":"https:\/\/www.cenort.rs\/en\/wp-json\/wp\/v2\/pages\/5084\/revisions\/5274"}],"wp:attachment":[{"href":"https:\/\/www.cenort.rs\/en\/wp-json\/wp\/v2\/media?parent=5084"}],"curies":[{"name":"wp","href":"https:\/\/api.w.org\/{rel}","templated":true}]}}