{"id":5065,"date":"2024-04-02T15:27:56","date_gmt":"2024-04-02T13:27:56","guid":{"rendered":"https:\/\/www.cenort.rs\/?page_id=5065"},"modified":"2025-10-10T15:55:56","modified_gmt":"2025-10-10T13:55:56","slug":"milos-nicic","status":"publish","type":"page","link":"https:\/\/www.cenort.rs\/en\/milos-nicic\/","title":{"rendered":"Milo\u0161 Ni\u010di\u0107\u200b"},"content":{"rendered":"<div data-elementor-type=\"wp-page\" data-elementor-id=\"5065\" class=\"elementor elementor-5065\">\n\t\t\t\t<div class=\"elementor-element elementor-element-5e14c8c e-flex e-con-boxed e-con e-parent\" data-id=\"5e14c8c\" data-element_type=\"container\" data-settings=\"{&quot;background_background&quot;:&quot;classic&quot;,&quot;content_width&quot;:&quot;boxed&quot;}\" data-core-v316-plus=\"true\">\n\t\t\t\t\t<div class=\"e-con-inner\">\n\t\t<div class=\"elementor-element elementor-element-1a51a3b e-con-full e-flex e-con e-child\" data-id=\"1a51a3b\" data-element_type=\"container\" data-settings=\"{&quot;content_width&quot;:&quot;full&quot;}\">\n\t\t\t\t<div class=\"elementor-element elementor-element-963169a elementor-invisible elementor-widget elementor-widget-heading\" data-id=\"963169a\" data-element_type=\"widget\" data-settings=\"{&quot;_animation&quot;:&quot;fadeInUp&quot;,&quot;_animation_delay&quot;:0}\" data-widget_type=\"heading.default\">\n\t\t\t\t<div class=\"elementor-widget-container\">\n\t\t\t<h1 class=\"elementor-heading-title elementor-size-default\">OUR TEAM<\/h1>\t\t<\/div>\n\t\t\t\t<\/div>\n\t\t\t\t<div class=\"elementor-element elementor-element-b6f0547 animated-slow elementor-invisible elementor-widget elementor-widget-heading\" data-id=\"b6f0547\" data-element_type=\"widget\" data-settings=\"{&quot;_animation&quot;:&quot;fadeIn&quot;}\" data-widget_type=\"heading.default\">\n\t\t\t\t<div class=\"elementor-widget-container\">\n\t\t\t<h3 class=\"elementor-heading-title elementor-size-default\">Centre for Responsible and Sustainable Tourism Development <\/h3>\t\t<\/div>\n\t\t\t\t<\/div>\n\t\t\t\t<\/div>\n\t\t\t\t\t<\/div>\n\t\t\t\t<\/div>\n\t\t\t\t<section class=\"elementor-section elementor-top-section elementor-element elementor-element-a17aec8 elementor-section-content-middle elementor-section-boxed elementor-section-height-default elementor-section-height-default\" data-id=\"a17aec8\" data-element_type=\"section\" data-settings=\"{&quot;background_background&quot;:&quot;classic&quot;}\">\n\t\t\t\t\t\t<div class=\"elementor-container elementor-column-gap-no\">\n\t\t\t\t\t<div class=\"elementor-column elementor-col-50 elementor-top-column elementor-element elementor-element-81c8c87\" data-id=\"81c8c87\" data-element_type=\"column\">\n\t\t\t<div class=\"elementor-widget-wrap elementor-element-populated\">\n\t\t\t\t\t\t<div class=\"elementor-element elementor-element-6314388 elementor-widget elementor-widget-image\" data-id=\"6314388\" data-element_type=\"widget\" data-widget_type=\"image.default\">\n\t\t\t\t<div class=\"elementor-widget-container\">\n\t\t\t\t\t\t\t\t\t\t\t\t\t<img fetchpriority=\"high\" decoding=\"async\" width=\"400\" height=\"547\" src=\"https:\/\/www.cenort.rs\/wp-content\/uploads\/2024\/04\/Milos-Nicic-Slika.jpg\" class=\"attachment-full size-full wp-image-4947\" alt=\"milosnicic\" srcset=\"https:\/\/www.cenort.rs\/wp-content\/uploads\/2024\/04\/Milos-Nicic-Slika.jpg 400w, https:\/\/www.cenort.rs\/wp-content\/uploads\/2024\/04\/Milos-Nicic-Slika-219x300.jpg 219w, https:\/\/www.cenort.rs\/wp-content\/uploads\/2024\/04\/Milos-Nicic-Slika-9x12.jpg 9w\" sizes=\"(max-width: 400px) 100vw, 400px\" \/>\t\t\t\t\t\t\t\t\t\t\t\t\t<\/div>\n\t\t\t\t<\/div>\n\t\t\t\t\t<\/div>\n\t\t<\/div>\n\t\t\t\t<div class=\"elementor-column elementor-col-50 elementor-top-column elementor-element elementor-element-fd16003\" data-id=\"fd16003\" data-element_type=\"column\">\n\t\t\t<div class=\"elementor-widget-wrap elementor-element-populated\">\n\t\t\t\t\t\t<section class=\"elementor-section elementor-inner-section elementor-element elementor-element-57c05b9 elementor-section-boxed elementor-section-height-default elementor-section-height-default\" data-id=\"57c05b9\" data-element_type=\"section\">\n\t\t\t\t\t\t<div class=\"elementor-container elementor-column-gap-no\">\n\t\t\t\t\t<div class=\"elementor-column elementor-col-100 elementor-inner-column elementor-element elementor-element-f3771cb\" data-id=\"f3771cb\" data-element_type=\"column\">\n\t\t\t<div class=\"elementor-widget-wrap elementor-element-populated\">\n\t\t\t\t\t\t<div class=\"elementor-element elementor-element-042b194 elementor-widget elementor-widget-heading\" data-id=\"042b194\" data-element_type=\"widget\" data-widget_type=\"heading.default\">\n\t\t\t\t<div class=\"elementor-widget-container\">\n\t\t\t<h1 class=\"elementor-heading-title elementor-size-default\">Milo\u0161 Ni\u010di\u0106<\/h1>\t\t<\/div>\n\t\t\t\t<\/div>\n\t\t\t\t<div class=\"elementor-element elementor-element-d794144 elementor-widget elementor-widget-text-editor\" data-id=\"d794144\" data-element_type=\"widget\" data-widget_type=\"text-editor.default\">\n\t\t\t\t<div class=\"elementor-widget-container\">\n\t\t\t\t\t\t\t<p class=\" translation-block\">Ph.D, Assistant Professor<\/p>\t\t\t\t\t\t<\/div>\n\t\t\t\t<\/div>\n\t\t\t\t\t<\/div>\n\t\t<\/div>\n\t\t\t\t\t<\/div>\n\t\t<\/section>\n\t\t\t\t\t<\/div>\n\t\t<\/div>\n\t\t\t\t\t<\/div>\n\t\t<\/section>\n\t\t<div class=\"elementor-element elementor-element-d12dcca e-flex e-con-boxed e-con e-parent\" data-id=\"d12dcca\" data-element_type=\"container\" data-settings=\"{&quot;content_width&quot;:&quot;boxed&quot;}\" data-core-v316-plus=\"true\">\n\t\t\t\t\t<div class=\"e-con-inner\">\n\t\t<div class=\"elementor-element elementor-element-c4ce8cb e-flex e-con-boxed e-con e-child\" data-id=\"c4ce8cb\" data-element_type=\"container\" data-settings=\"{&quot;content_width&quot;:&quot;boxed&quot;}\">\n\t\t\t\t\t<div class=\"e-con-inner\">\n\t\t\t\t<div class=\"elementor-element elementor-element-933b263 elementor-widget elementor-widget-text-editor\" data-id=\"933b263\" data-element_type=\"widget\" data-widget_type=\"text-editor.default\">\n\t\t\t\t<div class=\"elementor-widget-container\">\n\t\t\t\t\t\t\t<p class=\" translation-block\">Milo\u0161 Ni\u010di\u0107 (PhD) is assistant professor at the Faculty of Political Science, University of Belgrade, where he teaches cultural theory and cultural studies on undergraduate and graduate courses. He is a guest lecturer on a MA program Planning and Management of Tourism Systems at the University of Bergamo (Italy), where he teaches a module Tourism Cultures. His research interests are in the sociology and anthropology of tourism, memory culture, postsocialist transformation, cultural diplomacy and creative industries<\/p>\n<p><\/p>\n<p><strong>Projects (selected):<\/strong><\/p>\n<ul>\n<li>\u201eDistributed Archiving at the Institute for Philosophy and Social Theory\u201cconducted at the Institute for Philosophy and Social Theory of the University of Belgrade (Project ended in October 2023). Jan-Oct. 2023.<\/li>\n<li>\u201eGender Equality and Cultural Citizenship: Historical and Theoretical Foundations in Serbia\u201c (Project no. 47021) of the Ministry of Education, Science and Technological Development of the Republic of Serbia, conducted at the Faculty of Political Sciences-University of Belgrade. 2019-2020.<\/li>\n<li>Jean Monnet Network \u201eApplied European Contemporary History\u201c, chaired by the Friedrich Schiller University Jena, Germany. https:\/\/aec-history.uni-jena.de\/. 2016-2019.<\/li>\n<\/ul>\n<p><strong>Selected published papers in scientific journals and conference papers:<\/strong><\/p>\n<p><strong>&nbsp;<\/strong><\/p>\n<ul>\n<li>Simi\u0107, Marina i Milo\u0161 Ni\u010di\u0107. 2023. Kultura kao manifestacija: me\u0111unarodno pozicioniranje Srbije kroz kreativne industrije. U Kulturna diplomatija i kulturni odnosi: saradnja, <em>\u200e\u200e<\/em>, <em>dijalog<\/em>, ur. Milena Dragi\u0107evi\u0107 \u0160e\u0161i\u0107, Ljiljana Roga\u010d Mijatovi\u0107 i Rafaela Hence, 288-301. Beograd: Clio.<\/li>\n<li>Nicic, Milos. 2021. Post-socialist cities and the tourism of the ordinary. In: Tourism Dynamics in Everyday Places: Before and After Tourism, (eds.) Aur\u00e9lie Condevaux, Maria Gravari-Barbas, Sandra Guinand, 116-136. London: Routledge. <em>\u200e<\/em>\u200e<\/li>\n<li>Nicic, Milos. 2020. Imagining the post-Covid-19 world of travel: avoiding fear, anxiety and distress. In: Tourism facing a pandemic: from crisis to recovery, (ed.) Federica Burrini, 155-163. Bergamo: Universita degli studi di Bergamo. <em>\u200e<\/em>\u200e<\/li>\n<li>Nicic, Milos and Sanja Iguman. 2019. Post-socialism and \u201eordinary\u201c tourism: New Belgrade. International Journal of Tourism Cities 5(3): 307-325. <em>\u200e<\/em> 5(3): 307-325.<\/li>\n<li>Iguman, Sanja and Milos Nicic. 2018. A Reversed Historic House Museum: the Yugodom Rental Apartment in Belgrade. In: House Museums and the Interpretation of the Cultural<strong><em>.<\/em> <\/strong>A Reversed Historic House Museum: the Yugodom Rental Apartment in Belgrade. In: <em>\u200eIguman, Sanja and Milos Nicic. 2018. A Reversed Historic House Museum: the Yugodom Rental Apartment in Belgrade. In: House Museums and the Interpretation of the Cultural<\/em>, (ed) Gianluca Kannes. 97-108. Perugia: Fondazione Ranieri di Sorbello.<\/li>\n<li>Ni\u010di\u0107, Milo\u0161 and Sanja Iguman. 2016. Technological development and Sharing economies: implications on tourism destinations. In: SITCON 2016, 37-42. Belgrade: Singidunum University. <em>SITCON 2016<\/em>, 37-42. Belgrade: Singidunum University.<\/li>\n<li>Ni\u010di\u0107, Milo\u0161. 2015. Turizam zasnovan na ba\u0161tini: ideolo\u0161ki procesi i implikacije. U: SITCON 2015, 242-247. Beograd: Univerzitet Singidunum.<\/li>\n<\/ul>\n<p><\/p>\t\t\t\t\t\t<\/div>\n\t\t\t\t<\/div>\n\t\t\t\t\t<\/div>\n\t\t\t\t<\/div>\n\t\t\t\t\t<\/div>\n\t\t\t\t<\/div>\n\t\t\t\t<\/div>","protected":false},"excerpt":{"rendered":"<p>NA\u0160 TIM Centar Za Odgovorni I Odr\u017eivi Razvoj Turizma Milo\u0161 Ni\u010di\u0106 Dr Milo\u0161 Ni\u010di\u0107, docent Dr Milo\u0161 Ni\u010di\u0107 je docent na Fakultetu politi\u010dkih nauka Univerziteta u Beogradu, gde predaje predmete iz domena teorije i studija kulture na osnovnim i master akademskim studijama. Gostuju\u0107i je predava\u010d na master programu Planning and management of tourism systems Univerziteta [&hellip;]<\/p>","protected":false},"author":1,"featured_media":0,"parent":0,"menu_order":0,"comment_status":"closed","ping_status":"closed","template":"","meta":{"site-sidebar-layout":"no-sidebar","site-content-layout":"page-builder","ast-site-content-layout":"full-width-container","site-content-style":"default","site-sidebar-style":"default","ast-global-header-display":"","ast-banner-title-visibility":"","ast-main-header-display":"","ast-hfb-above-header-display":"","ast-hfb-below-header-display":"","ast-hfb-mobile-header-display":"","site-post-title":"disabled","ast-breadcrumbs-content":"","ast-featured-img":"disabled","footer-sml-layout":"","theme-transparent-header-meta":"","adv-header-id-meta":"","stick-header-meta":"","header-above-stick-meta":"","header-main-stick-meta":"","header-below-stick-meta":"","astra-migrate-meta-layouts":"set","ast-page-background-enabled":"default","ast-page-background-meta":{"desktop":{"background-color":"","background-image":"","background-repeat":"repeat","background-position":"center center","background-size":"auto","background-attachment":"scroll","background-type":"","background-media":"","overlay-type":"","overlay-color":"","overlay-gradient":""},"tablet":{"background-color":"","background-image":"","background-repeat":"repeat","background-position":"center center","background-size":"auto","background-attachment":"scroll","background-type":"","background-media":"","overlay-type":"","overlay-color":"","overlay-gradient":""},"mobile":{"background-color":"","background-image":"","background-repeat":"repeat","background-position":"center center","background-size":"auto","background-attachment":"scroll","background-type":"","background-media":"","overlay-type":"","overlay-color":"","overlay-gradient":""}},"ast-content-background-meta":{"desktop":{"background-color":"var(--ast-global-color-5)","background-image":"","background-repeat":"repeat","background-position":"center center","background-size":"auto","background-attachment":"scroll","background-type":"","background-media":"","overlay-type":"","overlay-color":"","overlay-gradient":""},"tablet":{"background-color":"var(--ast-global-color-5)","background-image":"","background-repeat":"repeat","background-position":"center center","background-size":"auto","background-attachment":"scroll","background-type":"","background-media":"","overlay-type":"","overlay-color":"","overlay-gradient":""},"mobile":{"background-color":"var(--ast-global-color-5)","background-image":"","background-repeat":"repeat","background-position":"center center","background-size":"auto","background-attachment":"scroll","background-type":"","background-media":"","overlay-type":"","overlay-color":"","overlay-gradient":""}},"footnotes":""},"yoast_head":"<!-- This site is optimized with the Yoast SEO plugin v21.9.1 - https:\/\/yoast.com\/wordpress\/plugins\/seo\/ -->\n<title>Milo\u0161 Ni\u010di\u0107\u200b - Cenort - Centar za odgovorni i odr\u017eivi razvoj turizma<\/title>\n<meta name=\"robots\" content=\"index, follow, max-snippet:-1, max-image-preview:large, max-video-preview:-1\" \/>\n<link rel=\"canonical\" href=\"https:\/\/www.cenort.rs\/en\/milos-nicic\/\" \/>\n<meta property=\"og:locale\" content=\"en_GB\" \/>\n<meta property=\"og:type\" content=\"article\" \/>\n<meta property=\"og:title\" content=\"Milo\u0161 Ni\u010di\u0107\u200b - Cenort - Centar za odgovorni i odr\u017eivi razvoj turizma\" \/>\n<meta property=\"og:description\" content=\"NA\u0160 TIM Centar Za Odgovorni I Odr\u017eivi Razvoj Turizma Milo\u0161 Ni\u010di\u0106 Dr Milo\u0161 Ni\u010di\u0107, docent Dr Milo\u0161 Ni\u010di\u0107 je docent na Fakultetu politi\u010dkih nauka Univerziteta u Beogradu, gde predaje predmete iz domena teorije i studija kulture na osnovnim i master akademskim studijama. Gostuju\u0107i je predava\u010d na master programu Planning and management of tourism systems Univerziteta [&hellip;]\" \/>\n<meta property=\"og:url\" content=\"https:\/\/www.cenort.rs\/en\/milos-nicic\/\" \/>\n<meta property=\"og:site_name\" content=\"Cenort - Centar za odgovorni i odr\u017eivi razvoj turizma\" \/>\n<meta property=\"article:modified_time\" content=\"2025-10-10T13:55:56+00:00\" \/>\n<meta property=\"og:image\" content=\"https:\/\/www.cenort.rs\/wp-content\/uploads\/2024\/04\/Milos-Nicic-Slika.jpg\" \/>\n<meta name=\"twitter:card\" content=\"summary_large_image\" \/>\n<meta name=\"twitter:label1\" content=\"Estimated reading time\" \/>\n\t<meta name=\"twitter:data1\" content=\"2 minutes\" \/>\n<script type=\"application\/ld+json\" class=\"yoast-schema-graph\">{\"@context\":\"https:\/\/schema.org\",\"@graph\":[{\"@type\":\"WebPage\",\"@id\":\"https:\/\/www.cenort.rs\/milos-nicic\/\",\"url\":\"https:\/\/www.cenort.rs\/milos-nicic\/\",\"name\":\"Milo\u0161 Ni\u010di\u0107\u200b - Cenort - Centar za odgovorni i odr\u017eivi razvoj turizma\",\"isPartOf\":{\"@id\":\"https:\/\/www.cenort.rs\/#website\"},\"datePublished\":\"2024-04-02T13:27:56+00:00\",\"dateModified\":\"2025-10-10T13:55:56+00:00\",\"breadcrumb\":{\"@id\":\"https:\/\/www.cenort.rs\/milos-nicic\/#breadcrumb\"},\"inLanguage\":\"en-GB\",\"potentialAction\":[{\"@type\":\"ReadAction\",\"target\":[\"https:\/\/www.cenort.rs\/milos-nicic\/\"]}]},{\"@type\":\"BreadcrumbList\",\"@id\":\"https:\/\/www.cenort.rs\/milos-nicic\/#breadcrumb\",\"itemListElement\":[{\"@type\":\"ListItem\",\"position\":1,\"name\":\"Home\",\"item\":\"https:\/\/www.cenort.rs\/\"},{\"@type\":\"ListItem\",\"position\":2,\"name\":\"Milo\u0161 Ni\u010di\u0107\u200b\"}]},{\"@type\":\"WebSite\",\"@id\":\"https:\/\/www.cenort.rs\/#website\",\"url\":\"https:\/\/www.cenort.rs\/\",\"name\":\"Cenort - Centar Za Odgovorni I Odr\u017eivi Razvoj Turizma\",\"description\":\"Centar za odgovorni i odr\u017eivi razvoj turizma (CenORT) je nevladina, nezavisna i neprofitna institucija koja ima ulogu istra\u017eiva\u010dkog, savetodavnog, informativno-dokumentacionog i komunikacionog sredi\u0161ta za oblast od\u017eivog razvoja turizma.\",\"publisher\":{\"@id\":\"https:\/\/www.cenort.rs\/#organization\"},\"alternateName\":\"Centar Za Odgovorni I Odr\u017eivi Razvoj Turizma\",\"potentialAction\":[{\"@type\":\"SearchAction\",\"target\":{\"@type\":\"EntryPoint\",\"urlTemplate\":\"https:\/\/www.cenort.rs\/?s={search_term_string}\"},\"query-input\":\"required name=search_term_string\"}],\"inLanguage\":\"en-GB\"},{\"@type\":\"Organization\",\"@id\":\"https:\/\/www.cenort.rs\/#organization\",\"name\":\"Cenort - Centar Za Odgovorni I Odr\u017eivi Razvoj Turizma\",\"url\":\"https:\/\/www.cenort.rs\/\",\"logo\":{\"@type\":\"ImageObject\",\"inLanguage\":\"en-GB\",\"@id\":\"https:\/\/www.cenort.rs\/#\/schema\/logo\/image\/\",\"url\":\"https:\/\/www.cenort.rs\/wp-content\/uploads\/2019\/04\/cropped-cropped-cenort.png\",\"contentUrl\":\"https:\/\/www.cenort.rs\/wp-content\/uploads\/2019\/04\/cropped-cropped-cenort.png\",\"width\":209,\"height\":209,\"caption\":\"Cenort - Centar Za Odgovorni I Odr\u017eivi Razvoj Turizma\"},\"image\":{\"@id\":\"https:\/\/www.cenort.rs\/#\/schema\/logo\/image\/\"}}]}<\/script>\n<!-- \/ Yoast SEO plugin. -->","yoast_head_json":{"title":"Milo\u0161 Ni\u010di\u0107\u200b - Cenort - Centar za odgovorni i odr\u017eivi razvoj turizma","robots":{"index":"index","follow":"follow","max-snippet":"max-snippet:-1","max-image-preview":"max-image-preview:large","max-video-preview":"max-video-preview:-1"},"canonical":"https:\/\/www.cenort.rs\/en\/milos-nicic\/","og_locale":"en_GB","og_type":"article","og_title":"Milo\u0161 Ni\u010di\u0107\u200b - Cenort - Centar za odgovorni i odr\u017eivi razvoj turizma","og_description":"NA\u0160 TIM Centar Za Odgovorni I Odr\u017eivi Razvoj Turizma Milo\u0161 Ni\u010di\u0106 Dr Milo\u0161 Ni\u010di\u0107, docent Dr Milo\u0161 Ni\u010di\u0107 je docent na Fakultetu politi\u010dkih nauka Univerziteta u Beogradu, gde predaje predmete iz domena teorije i studija kulture na osnovnim i master akademskim studijama. Gostuju\u0107i je predava\u010d na master programu Planning and management of tourism systems Univerziteta [&hellip;]","og_url":"https:\/\/www.cenort.rs\/en\/milos-nicic\/","og_site_name":"Cenort - Centar za odgovorni i odr\u017eivi razvoj turizma","article_modified_time":"2025-10-10T13:55:56+00:00","og_image":[{"url":"https:\/\/www.cenort.rs\/wp-content\/uploads\/2024\/04\/Milos-Nicic-Slika.jpg"}],"twitter_card":"summary_large_image","twitter_misc":{"Estimated reading time":"2 minutes"},"schema":{"@context":"https:\/\/schema.org","@graph":[{"@type":"WebPage","@id":"https:\/\/www.cenort.rs\/milos-nicic\/","url":"https:\/\/www.cenort.rs\/milos-nicic\/","name":"Milo\u0161 Ni\u010di\u0107\u200b - Cenort - Centar za odgovorni i odr\u017eivi razvoj turizma","isPartOf":{"@id":"https:\/\/www.cenort.rs\/#website"},"datePublished":"2024-04-02T13:27:56+00:00","dateModified":"2025-10-10T13:55:56+00:00","breadcrumb":{"@id":"https:\/\/www.cenort.rs\/milos-nicic\/#breadcrumb"},"inLanguage":"en-GB","potentialAction":[{"@type":"ReadAction","target":["https:\/\/www.cenort.rs\/milos-nicic\/"]}]},{"@type":"BreadcrumbList","@id":"https:\/\/www.cenort.rs\/milos-nicic\/#breadcrumb","itemListElement":[{"@type":"ListItem","position":1,"name":"Home","item":"https:\/\/www.cenort.rs\/"},{"@type":"ListItem","position":2,"name":"Milo\u0161 Ni\u010di\u0107\u200b"}]},{"@type":"WebSite","@id":"https:\/\/www.cenort.rs\/#website","url":"https:\/\/www.cenort.rs\/","name":"Cenort - Centar Za Odgovorni I Odr\u017eivi Razvoj Turizma","description":"Centar za odgovorni i odr\u017eivi razvoj turizma (CenORT) je nevladina, nezavisna i neprofitna institucija koja ima ulogu istra\u017eiva\u010dkog, savetodavnog, informativno-dokumentacionog i komunikacionog sredi\u0161ta za oblast od\u017eivog razvoja turizma.","publisher":{"@id":"https:\/\/www.cenort.rs\/#organization"},"alternateName":"Centar Za Odgovorni I Odr\u017eivi Razvoj Turizma","potentialAction":[{"@type":"SearchAction","target":{"@type":"EntryPoint","urlTemplate":"https:\/\/www.cenort.rs\/?s={search_term_string}"},"query-input":"required name=search_term_string"}],"inLanguage":"en-GB"},{"@type":"Organization","@id":"https:\/\/www.cenort.rs\/#organization","name":"Cenort - Centar Za Odgovorni I Odr\u017eivi Razvoj Turizma","url":"https:\/\/www.cenort.rs\/","logo":{"@type":"ImageObject","inLanguage":"en-GB","@id":"https:\/\/www.cenort.rs\/#\/schema\/logo\/image\/","url":"https:\/\/www.cenort.rs\/wp-content\/uploads\/2019\/04\/cropped-cropped-cenort.png","contentUrl":"https:\/\/www.cenort.rs\/wp-content\/uploads\/2019\/04\/cropped-cropped-cenort.png","width":209,"height":209,"caption":"Cenort - Centar Za Odgovorni I Odr\u017eivi Razvoj Turizma"},"image":{"@id":"https:\/\/www.cenort.rs\/#\/schema\/logo\/image\/"}}]}},"_links":{"self":[{"href":"https:\/\/www.cenort.rs\/en\/wp-json\/wp\/v2\/pages\/5065"}],"collection":[{"href":"https:\/\/www.cenort.rs\/en\/wp-json\/wp\/v2\/pages"}],"about":[{"href":"https:\/\/www.cenort.rs\/en\/wp-json\/wp\/v2\/types\/page"}],"author":[{"embeddable":true,"href":"https:\/\/www.cenort.rs\/en\/wp-json\/wp\/v2\/users\/1"}],"replies":[{"embeddable":true,"href":"https:\/\/www.cenort.rs\/en\/wp-json\/wp\/v2\/comments?post=5065"}],"version-history":[{"count":19,"href":"https:\/\/www.cenort.rs\/en\/wp-json\/wp\/v2\/pages\/5065\/revisions"}],"predecessor-version":[{"id":5271,"href":"https:\/\/www.cenort.rs\/en\/wp-json\/wp\/v2\/pages\/5065\/revisions\/5271"}],"wp:attachment":[{"href":"https:\/\/www.cenort.rs\/en\/wp-json\/wp\/v2\/media?parent=5065"}],"curies":[{"name":"wp","href":"https:\/\/api.w.org\/{rel}","templated":true}]}}