{"id":4814,"date":"2024-01-30T16:37:48","date_gmt":"2024-01-30T15:37:48","guid":{"rendered":"https:\/\/www.cenort.rs\/?page_id=4814"},"modified":"2025-10-10T16:05:24","modified_gmt":"2025-10-10T14:05:24","slug":"projekti","status":"publish","type":"page","link":"https:\/\/www.cenort.rs\/en\/projekti\/","title":{"rendered":"Projekti"},"content":{"rendered":"<div data-elementor-type=\"wp-page\" data-elementor-id=\"4814\" class=\"elementor elementor-4814\">\n\t\t\t\t<div class=\"elementor-element elementor-element-7e1945a e-flex e-con-boxed e-con e-parent\" data-id=\"7e1945a\" data-element_type=\"container\" data-settings=\"{&quot;background_background&quot;:&quot;classic&quot;,&quot;content_width&quot;:&quot;boxed&quot;}\" data-core-v316-plus=\"true\">\n\t\t\t\t\t<div class=\"e-con-inner\">\n\t\t<div class=\"elementor-element elementor-element-17b7c2b e-con-full e-flex e-con e-child\" data-id=\"17b7c2b\" data-element_type=\"container\" data-settings=\"{&quot;content_width&quot;:&quot;full&quot;}\">\n\t\t\t\t<div class=\"elementor-element elementor-element-5423cc7 elementor-invisible elementor-widget elementor-widget-heading\" data-id=\"5423cc7\" data-element_type=\"widget\" data-settings=\"{&quot;_animation&quot;:&quot;fadeInUp&quot;,&quot;_animation_delay&quot;:0}\" data-widget_type=\"heading.default\">\n\t\t\t\t<div class=\"elementor-widget-container\">\n\t\t\t<h1 class=\"elementor-heading-title elementor-size-default\">PROJECTS<\/h1>\t\t<\/div>\n\t\t\t\t<\/div>\n\t\t\t\t<div class=\"elementor-element elementor-element-b8c35df animated-slow elementor-invisible elementor-widget elementor-widget-heading\" data-id=\"b8c35df\" data-element_type=\"widget\" data-settings=\"{&quot;_animation&quot;:&quot;fadeIn&quot;}\" data-widget_type=\"heading.default\">\n\t\t\t\t<div class=\"elementor-widget-container\">\n\t\t\t<h3 class=\"elementor-heading-title elementor-size-default\">Centre for Responsible and Sustainable Tourism Development <\/h3>\t\t<\/div>\n\t\t\t\t<\/div>\n\t\t\t\t<div class=\"elementor-element elementor-element-0d1ef5c elementor-align-center elementor-invisible elementor-widget elementor-widget-button\" data-id=\"0d1ef5c\" data-element_type=\"widget\" data-settings=\"{&quot;_animation&quot;:&quot;fadeInUp&quot;}\" data-widget_type=\"button.default\">\n\t\t\t\t<div class=\"elementor-widget-container\">\n\t\t\t\t\t<div class=\"elementor-button-wrapper\">\n\t\t\t<a class=\"elementor-button elementor-button-link elementor-size-sm\" href=\"#contact\">\n\t\t\t\t\t\t<span class=\"elementor-button-content-wrapper\">\n\t\t\t\t\t\t<span class=\"elementor-button-text\">PROJECTS<\/span>\n\t\t<\/span>\n\t\t\t\t\t<\/a>\n\t\t<\/div>\n\t\t\t\t<\/div>\n\t\t\t\t<\/div>\n\t\t\t\t<\/div>\n\t\t\t\t\t<\/div>\n\t\t\t\t<\/div>\n\t\t<div class=\"elementor-element elementor-element-b672045 e-flex e-con-boxed e-con e-parent\" data-id=\"b672045\" data-element_type=\"container\" data-settings=\"{&quot;content_width&quot;:&quot;boxed&quot;}\" data-core-v316-plus=\"true\">\n\t\t\t\t\t<div class=\"e-con-inner\">\n\t\t\t\t<div class=\"elementor-element elementor-element-3155d50 elementor-widget elementor-widget-heading\" data-id=\"3155d50\" data-element_type=\"widget\" data-widget_type=\"heading.default\">\n\t\t\t\t<div class=\"elementor-widget-container\">\n\t\t\t<h2 class=\"elementor-heading-title elementor-size-default\">PROJECTS<\/h2>\t\t<\/div>\n\t\t\t\t<\/div>\n\t\t\t\t<div class=\"elementor-element elementor-element-3b9e9d9 elementor-widget elementor-widget-text-editor\" data-id=\"3b9e9d9\" data-element_type=\"widget\" data-widget_type=\"text-editor.default\">\n\t\t\t\t<div class=\"elementor-widget-container\">\n\t\t\t\t\t\t\t\t\t\t\t\t\t<\/div>\n\t\t\t\t<\/div>\n\t\t\t\t<div class=\"elementor-element elementor-element-9fc83c7 elementor-widget elementor-widget-text-editor\" data-id=\"9fc83c7\" data-element_type=\"widget\" data-widget_type=\"text-editor.default\">\n\t\t\t\t<div class=\"elementor-widget-container\">\n\t\t\t\t\t\t\t<p><b>1. Tourism Development Program of the Municipality of Majdanpek (Serbia), 2005 (Assembly of the municipality of Majdanpek)<br><\/b><\/p>\n<p><b><\/b><\/p>\n<p><b><\/b><\/p>\n<p><b><\/b><\/p><b>\n<p>2. Development of a Methodology and a Tourism Management Plan for the Special Nature Reserve Zasavica, 2005 (UNEP \u2013 Regional Office for Europe)<br><\/p>\n<\/b><p><b><\/b><\/p>\n<p><b><\/b><\/p>\n<p><b><\/b><\/p>\n<p><b>3. Project assignment for the project \"Development of a study with the aim of repositioning Belgrade as a tourist destination\" (Tourism Organization of Belgrade)<\/b><br><br><b>4. IDENTIS project \u2013 Integrated development of natural and cultural tourism in Tisa region, 2019 (Tourism organization of Vojvodina)<\/b><br><br><b>5. Research on the satisfaction of foreign guests in Belgrade, 2020 (HORES - Business Association of the Hotel and Restaurant Industry of Serbia)<\/b><br><br><b>6. Religious tourism of cross-border areas Montenegro-Serbia, 2022 (HORTEK - Hospitality and Tourism Academy)<\/b><br><br><b>7. Description and translation of qualifications within the project ERASMUS+ EQF IBA, 2023 (Ministry of Education\/Summit of sustainable and innovative business)<\/b><br><br><b>8. DIGITOUR project - Strengthening the tourism sector in Europe through digital tools and innovations, 2023 (COSME Program \u2013 Cluster of Culture Routes)<\/b><br><br><b>9. Basic guidelines for creating a marketing plan for Destination management organization of \u0160umadija and Pomoravlje, 2023 (Regional Development Agency for Economic Development of \u0160umadija and Pomoravlje)<\/b><br><br><b>10. Consulting for the training of employees in Destination management orgabization of \u0160umadija and Pomoravlje, 2023 (Regional Development Agency for Economic Development of \u0160umadija and Pomoravlja)<\/b><br><br><b>11. Update of the Serbian Outbound Travel Market to Spain, 2025 (Instituto de turismo de Espa\u00f1a\/Turespa\u00f1a)<\/b><\/p><p><b><br><\/b><\/p>\t\t\t\t\t\t<\/div>\n\t\t\t\t<\/div>\n\t\t\t\t\t<\/div>\n\t\t\t\t<\/div>\n\t\t\t\t<\/div>","protected":false},"excerpt":{"rendered":"<p>PROJEKTI Centar Za Odgovorni I Odr\u017eivi Razvoj Turizma PROJEKTI PROJEKTI 1. Program razvoja turizma op\u0161tine Majdanpek, 2005. (SO Majdanpek) 2. Razvijanje metodologije i plana upravljanja turizmom za Specijalni rezervat prirode Zasavica, 2005. (UNEP \u2013 Regionalna kancelarija za Evropu) 3. Projektni zadatak za projekat \u201eIzrada studije sa ciljem repozicioniranja Beograda kao turisti\u010dke destinacije\u201c, 2018. (Turisti\u010dka organizacija [&hellip;]<\/p>","protected":false},"author":1,"featured_media":0,"parent":0,"menu_order":0,"comment_status":"closed","ping_status":"closed","template":"","meta":{"site-sidebar-layout":"no-sidebar","site-content-layout":"page-builder","ast-site-content-layout":"full-width-container","site-content-style":"default","site-sidebar-style":"default","ast-global-header-display":"","ast-banner-title-visibility":"","ast-main-header-display":"","ast-hfb-above-header-display":"","ast-hfb-below-header-display":"","ast-hfb-mobile-header-display":"","site-post-title":"disabled","ast-breadcrumbs-content":"","ast-featured-img":"disabled","footer-sml-layout":"","theme-transparent-header-meta":"","adv-header-id-meta":"","stick-header-meta":"","header-above-stick-meta":"","header-main-stick-meta":"","header-below-stick-meta":"","astra-migrate-meta-layouts":"set","ast-page-background-enabled":"default","ast-page-background-meta":{"desktop":{"background-color":"","background-image":"","background-repeat":"repeat","background-position":"center center","background-size":"auto","background-attachment":"scroll","background-type":"","background-media":"","overlay-type":"","overlay-color":"","overlay-gradient":""},"tablet":{"background-color":"","background-image":"","background-repeat":"repeat","background-position":"center center","background-size":"auto","background-attachment":"scroll","background-type":"","background-media":"","overlay-type":"","overlay-color":"","overlay-gradient":""},"mobile":{"background-color":"","background-image":"","background-repeat":"repeat","background-position":"center center","background-size":"auto","background-attachment":"scroll","background-type":"","background-media":"","overlay-type":"","overlay-color":"","overlay-gradient":""}},"ast-content-background-meta":{"desktop":{"background-color":"var(--ast-global-color-5)","background-image":"","background-repeat":"repeat","background-position":"center center","background-size":"auto","background-attachment":"scroll","background-type":"","background-media":"","overlay-type":"","overlay-color":"","overlay-gradient":""},"tablet":{"background-color":"var(--ast-global-color-5)","background-image":"","background-repeat":"repeat","background-position":"center center","background-size":"auto","background-attachment":"scroll","background-type":"","background-media":"","overlay-type":"","overlay-color":"","overlay-gradient":""},"mobile":{"background-color":"var(--ast-global-color-5)","background-image":"","background-repeat":"repeat","background-position":"center center","background-size":"auto","background-attachment":"scroll","background-type":"","background-media":"","overlay-type":"","overlay-color":"","overlay-gradient":""}},"footnotes":""},"yoast_head":"<!-- This site is optimized with the Yoast SEO plugin v21.9.1 - https:\/\/yoast.com\/wordpress\/plugins\/seo\/ -->\n<title>Projekti - Cenort - Centar za odgovorni i odr\u017eivi razvoj turizma<\/title>\n<meta name=\"robots\" content=\"index, follow, max-snippet:-1, max-image-preview:large, max-video-preview:-1\" \/>\n<link rel=\"canonical\" href=\"https:\/\/www.cenort.rs\/en\/projekti\/\" \/>\n<meta property=\"og:locale\" content=\"en_GB\" \/>\n<meta property=\"og:type\" content=\"article\" \/>\n<meta property=\"og:title\" content=\"Projekti - Cenort - Centar za odgovorni i odr\u017eivi razvoj turizma\" \/>\n<meta property=\"og:description\" content=\"PROJEKTI Centar Za Odgovorni I Odr\u017eivi Razvoj Turizma PROJEKTI PROJEKTI 1. Program razvoja turizma op\u0161tine Majdanpek, 2005. (SO Majdanpek) 2. Razvijanje metodologije i plana upravljanja turizmom za Specijalni rezervat prirode Zasavica, 2005. (UNEP \u2013 Regionalna kancelarija za Evropu) 3. Projektni zadatak za projekat \u201eIzrada studije sa ciljem repozicioniranja Beograda kao turisti\u010dke destinacije\u201c, 2018. (Turisti\u010dka organizacija [&hellip;]\" \/>\n<meta property=\"og:url\" content=\"https:\/\/www.cenort.rs\/en\/projekti\/\" \/>\n<meta property=\"og:site_name\" content=\"Cenort - Centar za odgovorni i odr\u017eivi razvoj turizma\" \/>\n<meta property=\"article:modified_time\" content=\"2025-10-10T14:05:24+00:00\" \/>\n<meta property=\"og:image\" content=\"https:\/\/www.cenort.rs\/wp-content\/uploads\/2019\/04\/Dragacevo_credits_D.Bosnic-scaled.jpg\" \/>\n\t<meta property=\"og:image:width\" content=\"2560\" \/>\n\t<meta property=\"og:image:height\" content=\"1707\" \/>\n\t<meta property=\"og:image:type\" content=\"image\/jpeg\" \/>\n<meta name=\"twitter:card\" content=\"summary_large_image\" \/>\n<meta name=\"twitter:label1\" content=\"Estimated reading time\" \/>\n\t<meta name=\"twitter:data1\" content=\"1 minute\" \/>\n<script type=\"application\/ld+json\" class=\"yoast-schema-graph\">{\"@context\":\"https:\/\/schema.org\",\"@graph\":[{\"@type\":\"WebPage\",\"@id\":\"https:\/\/www.cenort.rs\/projekti\/\",\"url\":\"https:\/\/www.cenort.rs\/projekti\/\",\"name\":\"Projekti - Cenort - Centar za odgovorni i odr\u017eivi razvoj turizma\",\"isPartOf\":{\"@id\":\"https:\/\/www.cenort.rs\/#website\"},\"datePublished\":\"2024-01-30T15:37:48+00:00\",\"dateModified\":\"2025-10-10T14:05:24+00:00\",\"breadcrumb\":{\"@id\":\"https:\/\/www.cenort.rs\/projekti\/#breadcrumb\"},\"inLanguage\":\"en-GB\",\"potentialAction\":[{\"@type\":\"ReadAction\",\"target\":[\"https:\/\/www.cenort.rs\/projekti\/\"]}]},{\"@type\":\"BreadcrumbList\",\"@id\":\"https:\/\/www.cenort.rs\/projekti\/#breadcrumb\",\"itemListElement\":[{\"@type\":\"ListItem\",\"position\":1,\"name\":\"Home\",\"item\":\"https:\/\/www.cenort.rs\/\"},{\"@type\":\"ListItem\",\"position\":2,\"name\":\"Projekti\"}]},{\"@type\":\"WebSite\",\"@id\":\"https:\/\/www.cenort.rs\/#website\",\"url\":\"https:\/\/www.cenort.rs\/\",\"name\":\"Cenort - Centar Za Odgovorni I Odr\u017eivi Razvoj Turizma\",\"description\":\"Centar za odgovorni i odr\u017eivi razvoj turizma (CenORT) je nevladina, nezavisna i neprofitna institucija koja ima ulogu istra\u017eiva\u010dkog, savetodavnog, informativno-dokumentacionog i komunikacionog sredi\u0161ta za oblast od\u017eivog razvoja turizma.\",\"publisher\":{\"@id\":\"https:\/\/www.cenort.rs\/#organization\"},\"alternateName\":\"Centar Za Odgovorni I Odr\u017eivi Razvoj Turizma\",\"potentialAction\":[{\"@type\":\"SearchAction\",\"target\":{\"@type\":\"EntryPoint\",\"urlTemplate\":\"https:\/\/www.cenort.rs\/?s={search_term_string}\"},\"query-input\":\"required name=search_term_string\"}],\"inLanguage\":\"en-GB\"},{\"@type\":\"Organization\",\"@id\":\"https:\/\/www.cenort.rs\/#organization\",\"name\":\"Cenort - Centar Za Odgovorni I Odr\u017eivi Razvoj Turizma\",\"url\":\"https:\/\/www.cenort.rs\/\",\"logo\":{\"@type\":\"ImageObject\",\"inLanguage\":\"en-GB\",\"@id\":\"https:\/\/www.cenort.rs\/#\/schema\/logo\/image\/\",\"url\":\"https:\/\/www.cenort.rs\/wp-content\/uploads\/2019\/04\/cropped-cropped-cenort.png\",\"contentUrl\":\"https:\/\/www.cenort.rs\/wp-content\/uploads\/2019\/04\/cropped-cropped-cenort.png\",\"width\":209,\"height\":209,\"caption\":\"Cenort - Centar Za Odgovorni I Odr\u017eivi Razvoj Turizma\"},\"image\":{\"@id\":\"https:\/\/www.cenort.rs\/#\/schema\/logo\/image\/\"}}]}<\/script>\n<!-- \/ Yoast SEO plugin. -->","yoast_head_json":{"title":"Projekti - Cenort - Centar za odgovorni i odr\u017eivi razvoj turizma","robots":{"index":"index","follow":"follow","max-snippet":"max-snippet:-1","max-image-preview":"max-image-preview:large","max-video-preview":"max-video-preview:-1"},"canonical":"https:\/\/www.cenort.rs\/en\/projekti\/","og_locale":"en_GB","og_type":"article","og_title":"Projekti - Cenort - Centar za odgovorni i odr\u017eivi razvoj turizma","og_description":"PROJEKTI Centar Za Odgovorni I Odr\u017eivi Razvoj Turizma PROJEKTI PROJEKTI 1. Program razvoja turizma op\u0161tine Majdanpek, 2005. (SO Majdanpek) 2. Razvijanje metodologije i plana upravljanja turizmom za Specijalni rezervat prirode Zasavica, 2005. (UNEP \u2013 Regionalna kancelarija za Evropu) 3. Projektni zadatak za projekat \u201eIzrada studije sa ciljem repozicioniranja Beograda kao turisti\u010dke destinacije\u201c, 2018. (Turisti\u010dka organizacija [&hellip;]","og_url":"https:\/\/www.cenort.rs\/en\/projekti\/","og_site_name":"Cenort - Centar za odgovorni i odr\u017eivi razvoj turizma","article_modified_time":"2025-10-10T14:05:24+00:00","og_image":[{"width":2560,"height":1707,"url":"https:\/\/www.cenort.rs\/wp-content\/uploads\/2019\/04\/Dragacevo_credits_D.Bosnic-scaled.jpg","type":"image\/jpeg"}],"twitter_card":"summary_large_image","twitter_misc":{"Estimated reading time":"1 minute"},"schema":{"@context":"https:\/\/schema.org","@graph":[{"@type":"WebPage","@id":"https:\/\/www.cenort.rs\/projekti\/","url":"https:\/\/www.cenort.rs\/projekti\/","name":"Projekti - Cenort - Centar za odgovorni i odr\u017eivi razvoj turizma","isPartOf":{"@id":"https:\/\/www.cenort.rs\/#website"},"datePublished":"2024-01-30T15:37:48+00:00","dateModified":"2025-10-10T14:05:24+00:00","breadcrumb":{"@id":"https:\/\/www.cenort.rs\/projekti\/#breadcrumb"},"inLanguage":"en-GB","potentialAction":[{"@type":"ReadAction","target":["https:\/\/www.cenort.rs\/projekti\/"]}]},{"@type":"BreadcrumbList","@id":"https:\/\/www.cenort.rs\/projekti\/#breadcrumb","itemListElement":[{"@type":"ListItem","position":1,"name":"Home","item":"https:\/\/www.cenort.rs\/"},{"@type":"ListItem","position":2,"name":"Projekti"}]},{"@type":"WebSite","@id":"https:\/\/www.cenort.rs\/#website","url":"https:\/\/www.cenort.rs\/","name":"Cenort - Centar Za Odgovorni I Odr\u017eivi Razvoj Turizma","description":"Centar za odgovorni i odr\u017eivi razvoj turizma (CenORT) je nevladina, nezavisna i neprofitna institucija koja ima ulogu istra\u017eiva\u010dkog, savetodavnog, informativno-dokumentacionog i komunikacionog sredi\u0161ta za oblast od\u017eivog razvoja turizma.","publisher":{"@id":"https:\/\/www.cenort.rs\/#organization"},"alternateName":"Centar Za Odgovorni I Odr\u017eivi Razvoj Turizma","potentialAction":[{"@type":"SearchAction","target":{"@type":"EntryPoint","urlTemplate":"https:\/\/www.cenort.rs\/?s={search_term_string}"},"query-input":"required name=search_term_string"}],"inLanguage":"en-GB"},{"@type":"Organization","@id":"https:\/\/www.cenort.rs\/#organization","name":"Cenort - Centar Za Odgovorni I Odr\u017eivi Razvoj Turizma","url":"https:\/\/www.cenort.rs\/","logo":{"@type":"ImageObject","inLanguage":"en-GB","@id":"https:\/\/www.cenort.rs\/#\/schema\/logo\/image\/","url":"https:\/\/www.cenort.rs\/wp-content\/uploads\/2019\/04\/cropped-cropped-cenort.png","contentUrl":"https:\/\/www.cenort.rs\/wp-content\/uploads\/2019\/04\/cropped-cropped-cenort.png","width":209,"height":209,"caption":"Cenort - Centar Za Odgovorni I Odr\u017eivi Razvoj Turizma"},"image":{"@id":"https:\/\/www.cenort.rs\/#\/schema\/logo\/image\/"}}]}},"_links":{"self":[{"href":"https:\/\/www.cenort.rs\/en\/wp-json\/wp\/v2\/pages\/4814"}],"collection":[{"href":"https:\/\/www.cenort.rs\/en\/wp-json\/wp\/v2\/pages"}],"about":[{"href":"https:\/\/www.cenort.rs\/en\/wp-json\/wp\/v2\/types\/page"}],"author":[{"embeddable":true,"href":"https:\/\/www.cenort.rs\/en\/wp-json\/wp\/v2\/users\/1"}],"replies":[{"embeddable":true,"href":"https:\/\/www.cenort.rs\/en\/wp-json\/wp\/v2\/comments?post=4814"}],"version-history":[{"count":48,"href":"https:\/\/www.cenort.rs\/en\/wp-json\/wp\/v2\/pages\/4814\/revisions"}],"predecessor-version":[{"id":5280,"href":"https:\/\/www.cenort.rs\/en\/wp-json\/wp\/v2\/pages\/4814\/revisions\/5280"}],"wp:attachment":[{"href":"https:\/\/www.cenort.rs\/en\/wp-json\/wp\/v2\/media?parent=4814"}],"curies":[{"name":"wp","href":"https:\/\/api.w.org\/{rel}","templated":true}]}}