{"id":4386,"date":"2018-11-27T09:17:56","date_gmt":"2018-11-27T09:17:56","guid":{"rendered":"https:\/\/www.cenort.rs\/contact\/"},"modified":"2024-01-31T22:52:10","modified_gmt":"2024-01-31T21:52:10","slug":"contact","status":"publish","type":"page","link":"https:\/\/www.cenort.rs\/en\/contact\/","title":{"rendered":"Contact"},"content":{"rendered":"<div data-elementor-type=\"wp-post\" data-elementor-id=\"4386\" class=\"elementor elementor-4386\">\n\t\t\t\t<div class=\"elementor-element elementor-element-bb31a59 e-flex e-con-boxed e-con e-parent\" data-id=\"bb31a59\" data-element_type=\"container\" data-settings=\"{&quot;background_background&quot;:&quot;classic&quot;,&quot;content_width&quot;:&quot;boxed&quot;}\" data-core-v316-plus=\"true\">\n\t\t\t\t\t<div class=\"e-con-inner\">\n\t\t<div class=\"elementor-element elementor-element-9670d50 e-con-full e-flex e-con e-child\" data-id=\"9670d50\" data-element_type=\"container\" data-settings=\"{&quot;content_width&quot;:&quot;full&quot;}\">\n\t\t\t\t<div class=\"elementor-element elementor-element-abad850 elementor-invisible elementor-widget elementor-widget-heading\" data-id=\"abad850\" data-element_type=\"widget\" data-settings=\"{&quot;_animation&quot;:&quot;fadeInUp&quot;,&quot;_animation_delay&quot;:0}\" data-widget_type=\"heading.default\">\n\t\t\t\t<div class=\"elementor-widget-container\">\n\t\t\t<h1 class=\"elementor-heading-title elementor-size-default\">CONTACT<\/h1>\t\t<\/div>\n\t\t\t\t<\/div>\n\t\t\t\t<div class=\"elementor-element elementor-element-1063825 animated-slow elementor-invisible elementor-widget elementor-widget-heading\" data-id=\"1063825\" data-element_type=\"widget\" data-settings=\"{&quot;_animation&quot;:&quot;fadeIn&quot;}\" data-widget_type=\"heading.default\">\n\t\t\t\t<div class=\"elementor-widget-container\">\n\t\t\t<h3 class=\"elementor-heading-title elementor-size-default\">Centre for Responsible and Sustainable Tourism Development <\/h3>\t\t<\/div>\n\t\t\t\t<\/div>\n\t\t\t\t<\/div>\n\t\t\t\t\t<\/div>\n\t\t\t\t<\/div>\n\t\t<div class=\"elementor-element elementor-element-e0b235d e-flex e-con-boxed e-con e-parent\" data-id=\"e0b235d\" data-element_type=\"container\" id=\"contact\" data-settings=\"{&quot;background_background&quot;:&quot;classic&quot;,&quot;content_width&quot;:&quot;boxed&quot;}\" data-core-v316-plus=\"true\">\n\t\t\t\t\t<div class=\"e-con-inner\">\n\t\t<div class=\"elementor-element elementor-element-701130c e-con-full e-flex e-con e-child\" data-id=\"701130c\" data-element_type=\"container\" data-settings=\"{&quot;content_width&quot;:&quot;full&quot;}\">\n\t\t\t\t<div class=\"elementor-element elementor-element-5e86db5 elementor-widget elementor-widget-heading\" data-id=\"5e86db5\" data-element_type=\"widget\" data-widget_type=\"heading.default\">\n\t\t\t\t<div class=\"elementor-widget-container\">\n\t\t\t<h2 class=\"elementor-heading-title elementor-size-default\">CONTACT<\/h2>\t\t<\/div>\n\t\t\t\t<\/div>\n\t\t\t\t<div class=\"elementor-element elementor-element-50637d7 elementor-vertical-align-top elementor-widget elementor-widget-icon-box\" data-id=\"50637d7\" data-element_type=\"widget\" data-widget_type=\"icon-box.default\">\n\t\t\t\t<div class=\"elementor-widget-container\">\n\t\t\t\t\t<div class=\"elementor-icon-box-wrapper\">\n\t\t\t\t\t\t<div class=\"elementor-icon-box-content\">\n\t\t\t\t<h5 class=\"elementor-icon-box-title\">\n\t\t\t\t\t<span  >\n\t\t\t\t\t\tLocation\t\t\t\t\t<\/span>\n\t\t\t\t<\/h5>\n\t\t\t\t\t\t\t\t\t<p class=\"elementor-icon-box-description\">\n\t\t\t\t\t\tBelgrade, Serbia\t\t\t\t\t<\/p>\n\t\t\t\t\t\t\t<\/div>\n\t\t<\/div>\n\t\t\t\t<\/div>\n\t\t\t\t<\/div>\n\t\t\t\t<div class=\"elementor-element elementor-element-3695912 elementor-vertical-align-top elementor-widget elementor-widget-icon-box\" data-id=\"3695912\" data-element_type=\"widget\" data-widget_type=\"icon-box.default\">\n\t\t\t\t<div class=\"elementor-widget-container\">\n\t\t\t\t\t<div class=\"elementor-icon-box-wrapper\">\n\t\t\t\t\t\t<div class=\"elementor-icon-box-content\">\n\t\t\t\t<h5 class=\"elementor-icon-box-title\">\n\t\t\t\t\t<span  >\n\t\t\t\t\t\tEmail\t\t\t\t\t<\/span>\n\t\t\t\t<\/h5>\n\t\t\t\t\t\t\t\t\t<p class=\"elementor-icon-box-description\">\n\t\t\t\t\t\toffice@cenort.rs\t\t\t\t\t<\/p>\n\t\t\t\t\t\t\t<\/div>\n\t\t<\/div>\n\t\t\t\t<\/div>\n\t\t\t\t<\/div>\n\t\t\t\t<div class=\"elementor-element elementor-element-d12cf67 elementor-shape-circle e-grid-align-left e-grid-align-mobile-left elementor-grid-mobile-3 elementor-grid-0 elementor-widget elementor-widget-social-icons\" data-id=\"d12cf67\" data-element_type=\"widget\" data-widget_type=\"social-icons.default\">\n\t\t\t\t<div class=\"elementor-widget-container\">\n\t\t\t\t\t<div class=\"elementor-social-icons-wrapper elementor-grid\">\n\t\t\t\t\t\t\t<span class=\"elementor-grid-item\">\n\t\t\t\t\t<a class=\"elementor-icon elementor-social-icon elementor-social-icon-linkedin elementor-repeater-item-0ec3dce\" href=\"#\">\n\t\t\t\t\t\t<span class=\"elementor-screen-only\">Linkedin<\/span>\n\t\t\t\t\t\t<i class=\"fab fa-linkedin\"><\/i>\t\t\t\t\t<\/a>\n\t\t\t\t<\/span>\n\t\t\t\t\t\t\t<span class=\"elementor-grid-item\">\n\t\t\t\t\t<a class=\"elementor-icon elementor-social-icon elementor-social-icon-youtube elementor-repeater-item-57fe014\" href=\"#\">\n\t\t\t\t\t\t<span class=\"elementor-screen-only\">Youtube<\/span>\n\t\t\t\t\t\t<i class=\"fab fa-youtube\"><\/i>\t\t\t\t\t<\/a>\n\t\t\t\t<\/span>\n\t\t\t\t\t<\/div>\n\t\t\t\t<\/div>\n\t\t\t\t<\/div>\n\t\t\t\t<\/div>\n\t\t\t\t\t<\/div>\n\t\t\t\t<\/div>\n\t\t\t\t<\/div>","protected":false},"excerpt":{"rendered":"<p>Kontakt Centar Za Odgovorni I Odr\u017eivi Razvoj Turizma KONTAKT Lokacija Beograd, Srbija Email office@cenort.rs Linkedin Youtube<\/p>","protected":false},"author":1,"featured_media":0,"parent":0,"menu_order":0,"comment_status":"closed","ping_status":"closed","template":"","meta":{"site-sidebar-layout":"no-sidebar","site-content-layout":"page-builder","ast-site-content-layout":"full-width-container","site-content-style":"unboxed","site-sidebar-style":"unboxed","ast-global-header-display":"","ast-banner-title-visibility":"","ast-main-header-display":"","ast-hfb-above-header-display":"","ast-hfb-below-header-display":"","ast-hfb-mobile-header-display":"","site-post-title":"disabled","ast-breadcrumbs-content":"","ast-featured-img":"disabled","footer-sml-layout":"","theme-transparent-header-meta":"enabled","adv-header-id-meta":"","stick-header-meta":"","header-above-stick-meta":"","header-main-stick-meta":"","header-below-stick-meta":"","astra-migrate-meta-layouts":"set","ast-page-background-enabled":"default","ast-page-background-meta":{"desktop":{"background-color":"","background-image":"","background-repeat":"repeat","background-position":"center center","background-size":"auto","background-attachment":"scroll","background-type":"","background-media":"","overlay-type":"","overlay-color":"","overlay-gradient":""},"tablet":{"background-color":"","background-image":"","background-repeat":"repeat","background-position":"center center","background-size":"auto","background-attachment":"scroll","background-type":"","background-media":"","overlay-type":"","overlay-color":"","overlay-gradient":""},"mobile":{"background-color":"","background-image":"","background-repeat":"repeat","background-position":"center center","background-size":"auto","background-attachment":"scroll","background-type":"","background-media":"","overlay-type":"","overlay-color":"","overlay-gradient":""}},"ast-content-background-meta":{"desktop":{"background-color":"var(--ast-global-color-5)","background-image":"","background-repeat":"repeat","background-position":"center center","background-size":"auto","background-attachment":"scroll","background-type":"","background-media":"","overlay-type":"","overlay-color":"","overlay-gradient":""},"tablet":{"background-color":"var(--ast-global-color-5)","background-image":"","background-repeat":"repeat","background-position":"center center","background-size":"auto","background-attachment":"scroll","background-type":"","background-media":"","overlay-type":"","overlay-color":"","overlay-gradient":""},"mobile":{"background-color":"var(--ast-global-color-5)","background-image":"","background-repeat":"repeat","background-position":"center center","background-size":"auto","background-attachment":"scroll","background-type":"","background-media":"","overlay-type":"","overlay-color":"","overlay-gradient":""}},"footnotes":""},"yoast_head":"<!-- This site is optimized with the Yoast SEO plugin v21.9.1 - https:\/\/yoast.com\/wordpress\/plugins\/seo\/ -->\n<title>Contact - Cenort - Centar za odgovorni i odr\u017eivi razvoj turizma<\/title>\n<meta name=\"robots\" content=\"index, follow, max-snippet:-1, max-image-preview:large, max-video-preview:-1\" \/>\n<link rel=\"canonical\" href=\"https:\/\/www.cenort.rs\/en\/contact\/\" \/>\n<meta property=\"og:locale\" content=\"en_GB\" \/>\n<meta property=\"og:type\" content=\"article\" \/>\n<meta property=\"og:title\" content=\"Contact - Cenort - Centar za odgovorni i odr\u017eivi razvoj turizma\" \/>\n<meta property=\"og:description\" content=\"Kontakt Centar Za Odgovorni I Odr\u017eivi Razvoj Turizma KONTAKT Lokacija Beograd, Srbija Email office@cenort.rs Linkedin Youtube\" \/>\n<meta property=\"og:url\" content=\"https:\/\/www.cenort.rs\/en\/contact\/\" \/>\n<meta property=\"og:site_name\" content=\"Cenort - Centar za odgovorni i odr\u017eivi razvoj turizma\" \/>\n<meta property=\"article:modified_time\" content=\"2024-01-31T21:52:10+00:00\" \/>\n<meta property=\"og:image\" content=\"https:\/\/www.cenort.rs\/wp-content\/uploads\/2019\/04\/Dragacevo_credits_D.Bosnic-scaled.jpg\" \/>\n\t<meta property=\"og:image:width\" content=\"2560\" \/>\n\t<meta property=\"og:image:height\" content=\"1707\" \/>\n\t<meta property=\"og:image:type\" content=\"image\/jpeg\" \/>\n<meta name=\"twitter:card\" content=\"summary_large_image\" \/>\n<meta name=\"twitter:label1\" content=\"Estimated reading time\" \/>\n\t<meta name=\"twitter:data1\" content=\"1 minute\" \/>\n<script type=\"application\/ld+json\" class=\"yoast-schema-graph\">{\"@context\":\"https:\/\/schema.org\",\"@graph\":[{\"@type\":\"WebPage\",\"@id\":\"https:\/\/www.cenort.rs\/en\/contact\/\",\"url\":\"https:\/\/www.cenort.rs\/en\/contact\/\",\"name\":\"Contact - Cenort - Centar za odgovorni i odr\u017eivi razvoj turizma\",\"isPartOf\":{\"@id\":\"https:\/\/www.cenort.rs\/#website\"},\"datePublished\":\"2018-11-27T09:17:56+00:00\",\"dateModified\":\"2024-01-31T21:52:10+00:00\",\"breadcrumb\":{\"@id\":\"https:\/\/www.cenort.rs\/en\/contact\/#breadcrumb\"},\"inLanguage\":\"en-GB\",\"potentialAction\":[{\"@type\":\"ReadAction\",\"target\":[\"https:\/\/www.cenort.rs\/en\/contact\/\"]}]},{\"@type\":\"BreadcrumbList\",\"@id\":\"https:\/\/www.cenort.rs\/en\/contact\/#breadcrumb\",\"itemListElement\":[{\"@type\":\"ListItem\",\"position\":1,\"name\":\"Home\",\"item\":\"https:\/\/www.cenort.rs\/\"},{\"@type\":\"ListItem\",\"position\":2,\"name\":\"Contact\"}]},{\"@type\":\"WebSite\",\"@id\":\"https:\/\/www.cenort.rs\/#website\",\"url\":\"https:\/\/www.cenort.rs\/\",\"name\":\"Cenort - Centar Za Odgovorni I Odr\u017eivi Razvoj Turizma\",\"description\":\"Centar za odgovorni i odr\u017eivi razvoj turizma (CenORT) je nevladina, nezavisna i neprofitna institucija koja ima ulogu istra\u017eiva\u010dkog, savetodavnog, informativno-dokumentacionog i komunikacionog sredi\u0161ta za oblast od\u017eivog razvoja turizma.\",\"publisher\":{\"@id\":\"https:\/\/www.cenort.rs\/#organization\"},\"alternateName\":\"Centar Za Odgovorni I Odr\u017eivi Razvoj Turizma\",\"potentialAction\":[{\"@type\":\"SearchAction\",\"target\":{\"@type\":\"EntryPoint\",\"urlTemplate\":\"https:\/\/www.cenort.rs\/?s={search_term_string}\"},\"query-input\":\"required name=search_term_string\"}],\"inLanguage\":\"en-GB\"},{\"@type\":\"Organization\",\"@id\":\"https:\/\/www.cenort.rs\/#organization\",\"name\":\"Cenort - Centar Za Odgovorni I Odr\u017eivi Razvoj Turizma\",\"url\":\"https:\/\/www.cenort.rs\/\",\"logo\":{\"@type\":\"ImageObject\",\"inLanguage\":\"en-GB\",\"@id\":\"https:\/\/www.cenort.rs\/#\/schema\/logo\/image\/\",\"url\":\"https:\/\/www.cenort.rs\/wp-content\/uploads\/2019\/04\/cropped-cropped-cenort.png\",\"contentUrl\":\"https:\/\/www.cenort.rs\/wp-content\/uploads\/2019\/04\/cropped-cropped-cenort.png\",\"width\":209,\"height\":209,\"caption\":\"Cenort - Centar Za Odgovorni I Odr\u017eivi Razvoj Turizma\"},\"image\":{\"@id\":\"https:\/\/www.cenort.rs\/#\/schema\/logo\/image\/\"}}]}<\/script>\n<!-- \/ Yoast SEO plugin. -->","yoast_head_json":{"title":"Contact - Cenort - Centar za odgovorni i odr\u017eivi razvoj turizma","robots":{"index":"index","follow":"follow","max-snippet":"max-snippet:-1","max-image-preview":"max-image-preview:large","max-video-preview":"max-video-preview:-1"},"canonical":"https:\/\/www.cenort.rs\/en\/contact\/","og_locale":"en_GB","og_type":"article","og_title":"Contact - Cenort - Centar za odgovorni i odr\u017eivi razvoj turizma","og_description":"Kontakt Centar Za Odgovorni I Odr\u017eivi Razvoj Turizma KONTAKT Lokacija Beograd, Srbija Email office@cenort.rs Linkedin Youtube","og_url":"https:\/\/www.cenort.rs\/en\/contact\/","og_site_name":"Cenort - Centar za odgovorni i odr\u017eivi razvoj turizma","article_modified_time":"2024-01-31T21:52:10+00:00","og_image":[{"width":2560,"height":1707,"url":"https:\/\/www.cenort.rs\/wp-content\/uploads\/2019\/04\/Dragacevo_credits_D.Bosnic-scaled.jpg","type":"image\/jpeg"}],"twitter_card":"summary_large_image","twitter_misc":{"Estimated reading time":"1 minute"},"schema":{"@context":"https:\/\/schema.org","@graph":[{"@type":"WebPage","@id":"https:\/\/www.cenort.rs\/en\/contact\/","url":"https:\/\/www.cenort.rs\/en\/contact\/","name":"Contact - Cenort - Centar za odgovorni i odr\u017eivi razvoj turizma","isPartOf":{"@id":"https:\/\/www.cenort.rs\/#website"},"datePublished":"2018-11-27T09:17:56+00:00","dateModified":"2024-01-31T21:52:10+00:00","breadcrumb":{"@id":"https:\/\/www.cenort.rs\/en\/contact\/#breadcrumb"},"inLanguage":"en-GB","potentialAction":[{"@type":"ReadAction","target":["https:\/\/www.cenort.rs\/en\/contact\/"]}]},{"@type":"BreadcrumbList","@id":"https:\/\/www.cenort.rs\/en\/contact\/#breadcrumb","itemListElement":[{"@type":"ListItem","position":1,"name":"Home","item":"https:\/\/www.cenort.rs\/"},{"@type":"ListItem","position":2,"name":"Contact"}]},{"@type":"WebSite","@id":"https:\/\/www.cenort.rs\/#website","url":"https:\/\/www.cenort.rs\/","name":"Cenort - Centar Za Odgovorni I Odr\u017eivi Razvoj Turizma","description":"Centar za odgovorni i odr\u017eivi razvoj turizma (CenORT) je nevladina, nezavisna i neprofitna institucija koja ima ulogu istra\u017eiva\u010dkog, savetodavnog, informativno-dokumentacionog i komunikacionog sredi\u0161ta za oblast od\u017eivog razvoja turizma.","publisher":{"@id":"https:\/\/www.cenort.rs\/#organization"},"alternateName":"Centar Za Odgovorni I Odr\u017eivi Razvoj Turizma","potentialAction":[{"@type":"SearchAction","target":{"@type":"EntryPoint","urlTemplate":"https:\/\/www.cenort.rs\/?s={search_term_string}"},"query-input":"required name=search_term_string"}],"inLanguage":"en-GB"},{"@type":"Organization","@id":"https:\/\/www.cenort.rs\/#organization","name":"Cenort - Centar Za Odgovorni I Odr\u017eivi Razvoj Turizma","url":"https:\/\/www.cenort.rs\/","logo":{"@type":"ImageObject","inLanguage":"en-GB","@id":"https:\/\/www.cenort.rs\/#\/schema\/logo\/image\/","url":"https:\/\/www.cenort.rs\/wp-content\/uploads\/2019\/04\/cropped-cropped-cenort.png","contentUrl":"https:\/\/www.cenort.rs\/wp-content\/uploads\/2019\/04\/cropped-cropped-cenort.png","width":209,"height":209,"caption":"Cenort - Centar Za Odgovorni I Odr\u017eivi Razvoj Turizma"},"image":{"@id":"https:\/\/www.cenort.rs\/#\/schema\/logo\/image\/"}}]}},"_links":{"self":[{"href":"https:\/\/www.cenort.rs\/en\/wp-json\/wp\/v2\/pages\/4386"}],"collection":[{"href":"https:\/\/www.cenort.rs\/en\/wp-json\/wp\/v2\/pages"}],"about":[{"href":"https:\/\/www.cenort.rs\/en\/wp-json\/wp\/v2\/types\/page"}],"author":[{"embeddable":true,"href":"https:\/\/www.cenort.rs\/en\/wp-json\/wp\/v2\/users\/1"}],"replies":[{"embeddable":true,"href":"https:\/\/www.cenort.rs\/en\/wp-json\/wp\/v2\/comments?post=4386"}],"version-history":[{"count":0,"href":"https:\/\/www.cenort.rs\/en\/wp-json\/wp\/v2\/pages\/4386\/revisions"}],"wp:attachment":[{"href":"https:\/\/www.cenort.rs\/en\/wp-json\/wp\/v2\/media?parent=4386"}],"curies":[{"name":"wp","href":"https:\/\/api.w.org\/{rel}","templated":true}]}}